{"id":242065,"date":"2022-01-14T14:11:56","date_gmt":"2022-01-14T13:11:56","guid":{"rendered":"https:\/\/avantemedios.com\/?page_id=242065"},"modified":"2023-01-27T12:48:25","modified_gmt":"2023-01-27T11:48:25","slug":"san-publicito-galicia","status":"publish","type":"page","link":"https:\/\/avantemedios.com\/ca\/san-publicito-galicia\/","title":{"rendered":"San Publicito Galicia"},"content":{"rendered":"\n\n[et_pb_section fb_built=\u00bb1&#8243; custom_padding_last_edited=\u00bbon|phone\u00bb admin_label=\u00bbHeader\u00bb _builder_version=\u00bb4.5.1&#8243; use_background_color_gradient=\u00bbon\u00bb background_color_gradient_start=\u00bbrgba(210,218,228,0.38)\u00bb background_color_gradient_end=\u00bb#ffffff\u00bb background_color_gradient_direction=\u00bb90deg\u00bb background_color_gradient_start_position=\u00bb50%\u00bb background_color_gradient_end_position=\u00bb45%\u00bb custom_margin=\u00bb||||false|false\u00bb custom_padding=\u00bb54px|0px|5px|0px|false|false\u00bb custom_padding_tablet=\u00bb\u00bb custom_padding_phone=\u00bb25px|0px||0px|false|false\u00bb background_last_edited=\u00bbon|phone\u00bb use_background_color_gradient_tablet=\u00bboff\u00bb use_background_color_gradient_phone=\u00bboff\u00bb background_color_gradient_start_position_phone=\u00bb100%\u00bb global_colors_info=\u00bb{}\u00bb][et_pb_row column_structure=\u00bb1_2,1_2&#8243; _builder_version=\u00bb4.5.1&#8243; max_width=\u00bb1280px\u00bb custom_padding=\u00bb27px|0px||0px|false|false\u00bb use_custom_width=\u00bbon\u00bb custom_width_px=\u00bb1280px\u00bb global_colors_info=\u00bb{}\u00bb][et_pb_column type=\u00bb1_2&#8243; _builder_version=\u00bb3.25&#8243; custom_padding=\u00bb|||\u00bb global_colors_info=\u00bb{}\u00bb custom_padding__hover=\u00bb|||\u00bb][et_pb_image src=\u00bbhttps:\/\/avantemedios.com\/wp-content\/uploads\/2023\/01\/PORTADA-WEB.jpg\u00bb alt=\u00bbsan-publicito-avante-galicia-2023&#8243; title_text=\u00bbPORTADA WEB\u00bb _builder_version=\u00bb4.10.7&#8243; _module_preset=\u00bbdefault\u00bb custom_margin=\u00bb||16px|||\u00bb global_colors_info=\u00bb{}\u00bb][\/et_pb_image][et_pb_text content_tablet=\u00bb<p style=%22text-align: left;%22><strong>\ud83d\uddd3\ufe0f Viernes 27 de enero<\/strong><\/p>\n<p style=%22text-align: left;%22><strong>\ud83d\udd67 13.00h<\/strong>.<\/p>\n<p style=%22text-align: left;%22>\ud83d\udccc La misa se celebrar\u00e1 en:<\/p>\n<ul style=%22text-align: left;%22>\n<li><strong>La capilla: <span style=%22text-decoration: underline;%22><span style=%22color: #008080;%22><a href=%22https:\/\/us06web.zoom.us\/j\/84833151680?pwd=azNzSkZ0dlBqOFMxcGNvc2dRZ2RWQT09%22 style=%22color: #008080; text-decoration: underline;%22 data-et-target-link=%22_blank%22 rel=%22noopener%22>Accede aqu\u00ed<\/a><\/span><\/span><\/strong><\/li>\n<li><strong>Santo<\/strong> (o ID de reuni\u00f3n): <span>848 3315 1680<\/span><\/li>\n<li><strong>Y se\u00f1a<\/strong> (o C\u00f3digo de acceso): <span>360137<\/span><\/li>\n<\/ul>\n<p><span><strong>\ud83d\ude4b\u200d\u2640\ufe0fContacto:<\/strong><span style=%22text-decoration: underline;%22><span style=%22color: #008080;%22> <a href=%22mailto:raquel.lopez@avantemedios.com%22 data-et-target-link=%22_blank%22 rel=%22noopener noreferrer%22 data-auth=%22NotApplicable%22 data-linkindex=%220%22 style=%22color: #008080; text-decoration: underline;%22>raquel.lopez@avantemedios.com<\/a><\/span><\/span><\/span><\/p>\n<p style=%22text-align: left;%22>\u26ea Reserva cita en el confesionario y recibir\u00e1s, adem\u00e1s,  la bendici\u00f3n de San Publicito.<\/p>\u00bb content_phone=\u00bb<p style=%22text-align: left;%22><strong>\ud83d\uddd3\ufe0f Viernes 27 de enero<\/strong><\/p>\n<p style=%22text-align: left;%22><strong>\ud83d\udd67 13.00h<\/strong>.<\/p>\n<p style=%22text-align: left;%22>\ud83d\udccc La misa se celebrar\u00e1 en:<\/p>\n<ul style=%22text-align: left;%22>\n<li><strong>La capilla: <span style=%22text-decoration: underline;%22><span style=%22color: #008080;%22><a href=%22https:\/\/us06web.zoom.us\/j\/84833151680?pwd=azNzSkZ0dlBqOFMxcGNvc2dRZ2RWQT09%22 style=%22color: #008080; text-decoration: underline;%22 data-et-target-link=%22_blank%22 rel=%22noopener%22>Accede aqu\u00ed<\/a><\/span><\/span><\/strong><\/li>\n<li><strong>Santo<\/strong> (o ID de reuni\u00f3n): <span>848 3315 1680<\/span><\/li>\n<li><strong>Y se\u00f1a<\/strong> (o C\u00f3digo de acceso): <span>360137<\/span><\/li>\n<\/ul>\n<p><span><strong>\ud83d\ude4b\u200d\u2640\ufe0fContacto:<\/strong><span style=%22text-decoration: underline;%22><span style=%22color: #008080;%22> <a href=%22mailto:raquel.lopez@avantemedios.com%22 data-et-target-link=%22_blank%22 rel=%22noopener noreferrer%22 data-auth=%22NotApplicable%22 data-linkindex=%220%22 style=%22color: #008080; text-decoration: underline;%22>raquel.lopez@avantemedios.com<\/a><\/span><\/span><\/span><\/p>\n<p style=%22text-align: left;%22>\u26ea Reserva cita en el confesionario y recibir\u00e1s, adem\u00e1s,  la bendici\u00f3n de San Publicito.<\/p>\u00bb content_last_edited=\u00bbon|phone\u00bb _builder_version=\u00bb4.10.7&#8243; _module_preset=\u00bbdefault\u00bb text_font=\u00bbMontserrat||||||||\u00bb text_font_size=\u00bb18px\u00bb text_line_height=\u00bb1.3em\u00bb header_2_font=\u00bbMontserrat||||||||\u00bb header_2_font_size=\u00bb47px\u00bb header_3_font=\u00bbMontserrat||||||||\u00bb header_4_font_size=\u00bb30px\u00bb custom_margin=\u00bb|-8px|10px||false|false\u00bb custom_margin_tablet=\u00bb\u00bb custom_margin_phone=\u00bb||18px||false|false\u00bb custom_margin_last_edited=\u00bbon|phone\u00bb custom_padding=\u00bb12px|0px||17px||\u00bb custom_padding_tablet=\u00bb\u00bb custom_padding_phone=\u00bb12px|||0px|false|false\u00bb custom_padding_last_edited=\u00bbon|phone\u00bb text_font_size_tablet=\u00bb18px\u00bb text_font_size_phone=\u00bb18px\u00bb text_font_size_last_edited=\u00bbon|phone\u00bb header_2_font_size_tablet=\u00bb42px\u00bb header_2_font_size_phone=\u00bb30px\u00bb header_2_font_size_last_edited=\u00bbon|phone\u00bb header_2_line_height_tablet=\u00bb1.2em\u00bb header_2_line_height_phone=\u00bb\u00bb header_2_line_height_last_edited=\u00bbon|tablet\u00bb global_colors_info=\u00bb{}\u00bb]<p style=\"text-align: left;\"><strong>\ud83d\uddd3\ufe0f Viernes 27 de enero<\/strong><\/p>\n<p style=\"text-align: left;\"><strong>\ud83d\udd67 13.00h<\/strong>.<\/p>\n<p style=\"text-align: left;\">\ud83d\udccc La misa se celebrar\u00e1 en:<\/p>\n<ul style=\"text-align: left;\">\n<li><strong><strong>La capilla: <span style=\"text-decoration: underline;\"><span style=\"color: #008080;\"><a href=\"https:\/\/us06web.zoom.us\/j\/84833151680?pwd=azNzSkZ0dlBqOFMxcGNvc2dRZ2RWQT09\" style=\"color: #008080; text-decoration: underline;\" target=\"_blank\" rel=\"noopener\">Accede aqu\u00ed<\/a><\/span><\/span><\/strong><\/strong><\/li>\n<li><strong>Santo<\/strong> (o ID de reuni\u00f3n): <span>848 3315 1680<\/span><\/li>\n<li><strong>Y se\u00f1a<\/strong> (o C\u00f3digo de acceso): <span>360137<\/span><\/li>\n<\/ul>\n<p><span><strong>\ud83d\ude4b\u200d\u2640\ufe0fContacto:<\/strong><span style=\"text-decoration: underline;\"><span style=\"color: #008080;\"> <a href=\"mailto:raquel.lopez@avantemedios.com\" target=\"_blank\" rel=\"noopener noreferrer\" data-auth=\"NotApplicable\" data-linkindex=\"0\" style=\"color: #008080; text-decoration: underline;\">raquel.lopez@avantemedios.com<\/a><\/span><\/span><\/span><\/p>\n<p style=\"text-align: left;\">\u26ea Reserva cita en el confesionario y recibir\u00e1s, adem\u00e1s, \u00a0la bendici\u00f3n de San Publicito.<\/p>[\/et_pb_text][et_pb_video _builder_version=\u00bb4.10.7&#8243; _module_preset=\u00bbdefault\u00bb width_tablet=\u00bb87%\u00bb width_phone=\u00bb95%\u00bb width_last_edited=\u00bbon|tablet\u00bb custom_padding=\u00bb|18px||||\u00bb custom_padding_tablet=\u00bb|0px|||false|false\u00bb custom_padding_phone=\u00bb|0px|||false|false\u00bb custom_padding_last_edited=\u00bbon|phone\u00bb module_alignment_tablet=\u00bbcenter\u00bb module_alignment_phone=\u00bbcenter\u00bb module_alignment_last_edited=\u00bbon|phone\u00bb global_colors_info=\u00bb{}\u00bb][\/et_pb_video][\/et_pb_column][et_pb_column type=\u00bb1_2&#8243; _builder_version=\u00bb3.25&#8243; custom_padding=\u00bb|||\u00bb global_colors_info=\u00bb{}\u00bb custom_padding__hover=\u00bb|||\u00bb][et_pb_text _builder_version=\u00bb4.10.7&#8243; _module_preset=\u00bbdefault\u00bb custom_margin=\u00bb||3px|||\u00bb custom_padding=\u00bb22px||5px|||\u00bb global_colors_info=\u00bb{}\u00bb]<h1><strong><span style=\"color: #333333;\">SAN PUBLICITO GALICIA<\/span><\/strong><\/h1>[\/et_pb_text][et_pb_text _builder_version=\u00bb4.10.7&#8243; _module_preset=\u00bbdefault\u00bb global_colors_info=\u00bb{}\u00bb]<h2>Celebra el d\u00eda del patr\u00f3n con nosotros!<\/h2>\n<p>Te invitamos a brindar a la salud de San Publicito con un verm\u00fa Sardino\ud83c\udf78y a participar en nuestro<strong> rosco<\/strong>&#8230;<\/p>\n<p>\u00bfSabr\u00e1s responder a todas las preguntas como un verdadero publicista?<\/p>\n<p>\u00a1Ya lo veremos! \ud83d\ude09<\/p>\n<p><strong>Adem\u00e1s, si te inscribes antes del lunes d\u00eda 23, recibir\u00e1s una sorpresa cortes\u00eda de nuestro santo.<\/strong><\/p>\n<p><strong>Solo tienes que apuntarte \ud83d\udc47\ud83d\udc47<\/strong><\/p>[\/et_pb_text][et_pb_code _builder_version=\u00bb4.10.7&#8243; _module_preset=\u00bbdefault\u00bb global_colors_info=\u00bb{}\u00bb]<div class=\"wpforms-container wpforms-container-full\" id=\"wpforms-243678\"><form id=\"wpforms-form-243678\" class=\"wpforms-validate wpforms-form\" data-formid=\"243678\" method=\"post\" enctype=\"multipart\/form-data\" action=\"\/ca\/wp-json\/wp\/v2\/pages\/242065\" data-token=\"35b8b075b457070269d3083c6c465677\" data-token-time=\"1775391485\"><noscript class=\"wpforms-error-noscript\">Activeu el JavaScript al navegador per a poder completar el formulari.<\/noscript><div class=\"wpforms-field-container\"><div id=\"wpforms-243678-field_9-container\" class=\"wpforms-field wpforms-field-name\" data-field-id=\"9\"><label class=\"wpforms-field-label\" for=\"wpforms-243678-field_9\">Nombre y Apellidos <span class=\"wpforms-required-label\">*<\/span><\/label><input type=\"text\" id=\"wpforms-243678-field_9\" class=\"wpforms-field-large wpforms-field-required\" name=\"wpforms[fields][9]\" required><\/div><div id=\"wpforms-243678-field_10-container\" class=\"wpforms-field wpforms-field-text\" data-field-id=\"10\"><label class=\"wpforms-field-label\" for=\"wpforms-243678-field_10\">Empresa <span class=\"wpforms-required-label\">*<\/span><\/label><input type=\"text\" id=\"wpforms-243678-field_10\" class=\"wpforms-field-large wpforms-field-required\" name=\"wpforms[fields][10]\" required><\/div><div id=\"wpforms-243678-field_11-container\" class=\"wpforms-field wpforms-field-email\" data-field-id=\"11\"><label class=\"wpforms-field-label\" for=\"wpforms-243678-field_11\">Email <span class=\"wpforms-required-label\">*<\/span><\/label><input type=\"email\" id=\"wpforms-243678-field_11\" class=\"wpforms-field-large wpforms-field-required\" name=\"wpforms[fields][11]\" spellcheck=\"false\" required><\/div><div id=\"wpforms-243678-field_12-container\" class=\"wpforms-field wpforms-field-phone\" data-field-id=\"12\"><label class=\"wpforms-field-label\" for=\"wpforms-243678-field_12\">Tel\u00e9fono <span class=\"wpforms-required-label\">*<\/span><\/label><input type=\"tel\" id=\"wpforms-243678-field_12\" class=\"wpforms-field-large wpforms-field-required wpforms-smart-phone-field\" data-rule-smart-phone-field=\"true\" name=\"wpforms[fields][12]\" aria-label=\"Tel\u00e9fono\" required><\/div><div id=\"wpforms-243678-field_13-container\" class=\"wpforms-field wpforms-field-address\" data-field-id=\"13\"><label class=\"wpforms-field-label\">Direcci\u00f3n <span class=\"wpforms-required-label\">*<\/span><\/label><div class=\"wpforms-field-row wpforms-field-large\"><div ><input type=\"text\" id=\"wpforms-243678-field_13\" class=\"wpforms-field-address-address1 wpforms-field-required\" name=\"wpforms[fields][13][address1]\" required><label for=\"wpforms-243678-field_13\" class=\"wpforms-field-sublabel after\">Address Line 1<\/label><\/div><\/div><div class=\"wpforms-field-row wpforms-field-large\"><div class=\"wpforms-field-row-block wpforms-one-half wpforms-first\"><input type=\"text\" id=\"wpforms-243678-field_13-city\" class=\"wpforms-field-address-city wpforms-field-required\" name=\"wpforms[fields][13][city]\" required><label for=\"wpforms-243678-field_13-city\" class=\"wpforms-field-sublabel after\">Ciutat<\/label><\/div><div class=\"wpforms-field-row-block wpforms-one-half\"><input type=\"text\" id=\"wpforms-243678-field_13-state\" class=\"wpforms-field-address-state wpforms-field-required\" name=\"wpforms[fields][13][state]\" required><label for=\"wpforms-243678-field_13-state\" class=\"wpforms-field-sublabel after\">State \/ Province \/ Region<\/label><\/div><\/div><div class=\"wpforms-field-row wpforms-field-large\"><div class=\"wpforms-field-row-block wpforms-one-half wpforms-first\"><input type=\"text\" id=\"wpforms-243678-field_13-postal\" class=\"wpforms-field-address-postal wpforms-field-required\" name=\"wpforms[fields][13][postal]\" required><label for=\"wpforms-243678-field_13-postal\" class=\"wpforms-field-sublabel after\">Postal Code<\/label><\/div><\/div><\/div><div id=\"wpforms-243678-field_4-container\" class=\"wpforms-field wpforms-field-gdpr-checkbox\" data-field-id=\"4\"><label class=\"wpforms-field-label wpforms-label-hide\">Acuerdo RGPD  <span class=\"wpforms-required-label\">*<\/span><\/label><ul id=\"wpforms-243678-field_4\" class=\"wpforms-field-required\"><li class=\"choice-1\"><input type=\"checkbox\" id=\"wpforms-243678-field_4_1\" name=\"wpforms[fields][4][]\" value=\"He le\u00eddo el &lt;a href=&quot;http:\/\/avantemedios.com\/?page_id=3\/&quot; target=&quot;_blank&quot;&gt;Aviso Legal&lt;\/a&gt; y acepto la &lt;a href=&quot;http:\/\/avantemedios.com\/?page_id=3\/&quot; target=&quot;_blank&quot;&gt;Pol\u00edtica de Privacidad&lt;\/a&gt;\" required ><label class=\"wpforms-field-label-inline\" for=\"wpforms-243678-field_4_1\">He le\u00eddo el <a href=\"http:\/\/avantemedios.com\/?page_id=3\/\" target=\"_blank\">Aviso Legal<\/a> y acepto la <a href=\"http:\/\/avantemedios.com\/?page_id=3\/\" target=\"_blank\">Pol\u00edtica de Privacidad<\/a> <span class=\"wpforms-required-label\">*<\/span><\/label><\/li><\/ul><\/div><\/div><!-- .wpforms-field-container --><div class=\"wpforms-submit-container\" ><input type=\"hidden\" name=\"wpforms[id]\" value=\"243678\"><input type=\"hidden\" name=\"page_title\" value=\"\"><input type=\"hidden\" name=\"page_url\" value=\"https:\/\/avantemedios.com\/ca\/wp-json\/wp\/v2\/pages\/242065\"><input type=\"hidden\" name=\"url_referer\" value=\"\"><button type=\"submit\" name=\"wpforms[submit]\" id=\"wpforms-submit-243678\" class=\"wpforms-submit\" data-alt-text=\"Enviando...\" data-submit-text=\"Enviar\" aria-live=\"assertive\" value=\"wpforms-submit\">Enviar<\/button><\/div><\/form><\/div>  <!-- .wpforms-container -->[\/et_pb_code][\/et_pb_column][\/et_pb_row][\/et_pb_section][et_pb_section fb_built=\u00bb1&#8243; _builder_version=\u00bb4.10.7&#8243; _module_preset=\u00bbdefault\u00bb background_color=\u00bb#b2292e\u00bb custom_padding=\u00bb0px||0px|||\u00bb global_colors_info=\u00bb{}\u00bb][et_pb_row _builder_version=\u00bb4.10.7&#8243; _module_preset=\u00bbdefault\u00bb global_colors_info=\u00bb{}\u00bb][et_pb_column type=\u00bb4_4&#8243; _builder_version=\u00bb4.10.7&#8243; _module_preset=\u00bbdefault\u00bb global_colors_info=\u00bb{}\u00bb][et_pb_text _builder_version=\u00bb4.10.7&#8243; _module_preset=\u00bbdefault\u00bb global_colors_info=\u00bb{}\u00bb]<h1 style=\"text-align: center;\"><strong>\ud83d\ude4f<span style=\"color: #ffffff;\">Deja el comentario a San Publicito <\/span><\/strong><\/h1>\n<h1 style=\"text-align: center;\"><strong><span style=\"color: #ffffff;\">con tu plegaria de este a\u00f1o<\/span>\ud83d\ude4f<\/strong><\/h1>[\/et_pb_text][\/et_pb_column][\/et_pb_row][\/et_pb_section][et_pb_section fb_built=\u00bb1&#8243; _builder_version=\u00bb4.10.7&#8243; _module_preset=\u00bbdefault\u00bb custom_padding=\u00bb2px||1px|||\u00bb global_colors_info=\u00bb{}\u00bb][et_pb_row _builder_version=\u00bb4.10.7&#8243; _module_preset=\u00bbdefault\u00bb custom_padding=\u00bb0px|||||\u00bb global_colors_info=\u00bb{}\u00bb][et_pb_column type=\u00bb4_4&#8243; _builder_version=\u00bb4.10.7&#8243; _module_preset=\u00bbdefault\u00bb global_colors_info=\u00bb{}\u00bb][et_pb_comments _builder_version=\u00bb4.10.7&#8243; _module_preset=\u00bbdefault\u00bb hover_enabled=\u00bb0&#8243; sticky_enabled=\u00bb0&#8243;][\/et_pb_comments][\/et_pb_column][\/et_pb_row][\/et_pb_section]\n\n","protected":false},"excerpt":{"rendered":"<p>Celebra San Publicito 2023 con nosotros. T\u00f3mate una ca\u00f1a a la salud de nuestro patr\u00f3n y participa en el juego publicitario que hemos preparado para ti. <\/p>","protected":false},"author":4,"featured_media":243706,"parent":0,"menu_order":0,"comment_status":"open","ping_status":"closed","template":"page-template-blank.php","meta":{"_et_pb_use_builder":"on","_et_pb_old_content":"","_et_gb_content_width":"","_monsterinsights_skip_tracking":false,"_monsterinsights_sitenote_active":false,"_monsterinsights_sitenote_note":"","_monsterinsights_sitenote_category":0,"footnotes":""},"class_list":["post-242065","page","type-page","status-publish","has-post-thumbnail","hentry"],"aioseo_notices":[],"_links":{"self":[{"href":"https:\/\/avantemedios.com\/ca\/wp-json\/wp\/v2\/pages\/242065","targetHints":{"allow":["GET"]}}],"collection":[{"href":"https:\/\/avantemedios.com\/ca\/wp-json\/wp\/v2\/pages"}],"about":[{"href":"https:\/\/avantemedios.com\/ca\/wp-json\/wp\/v2\/types\/page"}],"author":[{"embeddable":true,"href":"https:\/\/avantemedios.com\/ca\/wp-json\/wp\/v2\/users\/4"}],"replies":[{"embeddable":true,"href":"https:\/\/avantemedios.com\/ca\/wp-json\/wp\/v2\/comments?post=242065"}],"version-history":[{"count":43,"href":"https:\/\/avantemedios.com\/ca\/wp-json\/wp\/v2\/pages\/242065\/revisions"}],"predecessor-version":[{"id":243718,"href":"https:\/\/avantemedios.com\/ca\/wp-json\/wp\/v2\/pages\/242065\/revisions\/243718"}],"wp:featuredmedia":[{"embeddable":true,"href":"https:\/\/avantemedios.com\/ca\/wp-json\/wp\/v2\/media\/243706"}],"wp:attachment":[{"href":"https:\/\/avantemedios.com\/ca\/wp-json\/wp\/v2\/media?parent=242065"}],"curies":[{"name":"wp","href":"https:\/\/api.w.org\/{rel}","templated":true}]}}