{"id":244052,"date":"2023-01-26T19:20:11","date_gmt":"2023-01-26T18:20:11","guid":{"rendered":"https:\/\/avantemedios.com\/?page_id=244052"},"modified":"2024-01-02T09:55:35","modified_gmt":"2024-01-02T08:55:35","slug":"30-aniversario","status":"publish","type":"page","link":"https:\/\/avantemedios.com\/ca\/30-aniversario\/","title":{"rendered":"30 ANIVERSARI"},"content":{"rendered":"[et_pb_section fb_built=\u00bb1&#8243; custom_padding_last_edited=\u00bbon|desktop\u00bb _builder_version=\u00bb4.16&#8243; _module_preset=\u00bbdefault\u00bb background_enable_image=\u00bboff\u00bb parallax=\u00bbon\u00bb custom_padding=\u00bb0vw||6vw||false|false\u00bb custom_padding_tablet=\u00bb\u00bb custom_padding_phone=\u00bb0vw||0vw||false|false\u00bb global_colors_info=\u00bb{}\u00bb][\/et_pb_section][et_pb_section fb_built=\u00bb1&#8243; custom_padding_last_edited=\u00bbon|desktop\u00bb _builder_version=\u00bb4.16&#8243; _module_preset=\u00bbdefault\u00bb background_enable_color=\u00bboff\u00bb background_enable_image=\u00bboff\u00bb parallax=\u00bbon\u00bb parallax_method=\u00bboff\u00bb background_enable_video_mp4=\u00bboff\u00bb custom_margin=\u00bb-11px|||||\u00bb custom_padding=\u00bb0vw||19px||false|false\u00bb custom_padding_tablet=\u00bb5vw||0vw||false|false\u00bb custom_padding_phone=\u00bb3vw||0vw||false|false\u00bb global_colors_info=\u00bb{}\u00bb][et_pb_row column_structure=\u00bb1_2,1_2&#8243; custom_padding_last_edited=\u00bbon|phone\u00bb _builder_version=\u00bb4.16&#8243; _module_preset=\u00bbdefault\u00bb custom_padding=\u00bb64px||8px||false|false\u00bb custom_padding_tablet=\u00bb\u00bb custom_padding_phone=\u00bb77px||0px||false|false\u00bb locked=\u00bboff\u00bb global_colors_info=\u00bb{}\u00bb][et_pb_column type=\u00bb1_2&#8243; _builder_version=\u00bb4.16&#8243; _module_preset=\u00bbdefault\u00bb global_colors_info=\u00bb{}\u00bb][et_pb_text _builder_version=\u00bb4.22.2&#8243; _module_preset=\u00bbdefault\u00bb text_font=\u00bbbergen-mono|700|||||||\u00bb text_text_color=\u00bb#333333&#8243; text_font_size=\u00bb40px\u00bb text_line_height=\u00bb1em\u00bb width=\u00bb80%\u00bb max_width=\u00bb100%\u00bb module_alignment=\u00bbleft\u00bb custom_margin=\u00bb||0px|||\u00bb custom_padding=\u00bb0px||0px||false|false\u00bb text_font_size_tablet=\u00bb41px\u00bb text_font_size_phone=\u00bb35px\u00bb text_font_size_last_edited=\u00bbon|phone\u00bb text_line_height_last_edited=\u00bboff|desktop\u00bb global_colors_info=\u00bb{}\u00bb text_line_height__hover_enabled=\u00bboff|desktop\u00bb]\n<h1 style=\"text-align: left;\"><strong>LA AGENCIA DE MEDIOS QUE SUMA<\/strong><\/h1>\n[\/et_pb_text][et_pb_text _builder_version=\u00bb4.16&#8243; _module_preset=\u00bbdefault\u00bb text_font=\u00bbbergen-mono|700|||||||\u00bb text_text_color=\u00bb#b2292e\u00bb text_font_size=\u00bb40px\u00bb text_line_height=\u00bb1em\u00bb width=\u00bb80%\u00bb max_width=\u00bb100%\u00bb module_alignment=\u00bbleft\u00bb custom_margin=\u00bb||-6px|||\u00bb custom_padding=\u00bb0px||||false|false\u00bb text_font_size_tablet=\u00bb41px\u00bb text_font_size_phone=\u00bb35px\u00bb text_font_size_last_edited=\u00bbon|phone\u00bb text_line_height_last_edited=\u00bboff|desktop\u00bb global_colors_info=\u00bb{}\u00bb text_line_height__hover_enabled=\u00bboff|desktop\u00bb]\n<p style=\"text-align: left;\">30 A\u00d1OS<\/p>\n[\/et_pb_text][\/et_pb_column][et_pb_column type=\u00bb1_2&#8243; disabled_on=\u00bbon|off|off\u00bb _builder_version=\u00bb4.16&#8243; _module_preset=\u00bbdefault\u00bb global_colors_info=\u00bb{}\u00bb][et_pb_code _builder_version=\u00bb4.23.1&#8243; _module_preset=\u00bbdefault\u00bb hover_enabled=\u00bb0&#8243; sticky_enabled=\u00bb0&#8243;]<script src=\"https:\/\/cdn-eu.pagesense.io\/js\/20094196506\/059c756d9ec24e4493291075d5c4dd57.js\"><\/script>[\/et_pb_code][\/et_pb_column][\/et_pb_row][et_pb_row column_structure=\u00bb1_2,1_2&#8243; custom_padding_last_edited=\u00bbon|phone\u00bb _builder_version=\u00bb4.16&#8243; _module_preset=\u00bbdefault\u00bb custom_padding=\u00bb14px||60px||false|false\u00bb custom_padding_tablet=\u00bb\u00bb custom_padding_phone=\u00bb0px||12px||false|false\u00bb locked=\u00bboff\u00bb global_colors_info=\u00bb{}\u00bb][et_pb_column type=\u00bb1_2&#8243; _builder_version=\u00bb4.16&#8243; _module_preset=\u00bbdefault\u00bb global_colors_info=\u00bb{}\u00bb][et_pb_image src=\u00bbhttps:\/\/avantemedios.com\/wp-content\/uploads\/2023\/01\/Avante_30_KV_Avisos-240123_30-anos-agenda.jpg\u00bb alt=\u00bbAVANTE-30-ANIVERSARIO\u00bb title_text=\u00bbAvante_30_KV_Avisos-240123_30 a\u00f1os-agenda\u00bb src_tablet=\u00bb\u00bb src_phone=\u00bbhttps:\/\/avantemedios.com\/wp-content\/uploads\/2023\/01\/Avante_30_KV_Avisos-240123_30-anos-agenda.jpg\u00bb src_last_edited=\u00bbon|phone\u00bb disabled_on=\u00bboff|on|on\u00bb _builder_version=\u00bb4.16&#8243; _module_preset=\u00bbdefault\u00bb width_tablet=\u00bb80%\u00bb width_phone=\u00bb95%\u00bb width_last_edited=\u00bbon|phone\u00bb max_width_tablet=\u00bb\u00bb max_width_phone=\u00bb100%\u00bb max_width_last_edited=\u00bbon|phone\u00bb custom_margin_tablet=\u00bb\u00bb custom_margin_phone=\u00bb\u00bb custom_margin_last_edited=\u00bbon|phone\u00bb custom_padding=\u00bb||0px|||\u00bb module_alignment_tablet=\u00bbcenter\u00bb module_alignment_phone=\u00bbcenter\u00bb module_alignment_last_edited=\u00bbon|tablet\u00bb global_colors_info=\u00bb{}\u00bb][\/et_pb_image][et_pb_text _builder_version=\u00bb4.22.2&#8243; _module_preset=\u00bbdefault\u00bb text_font=\u00bbMontserrat||||||||\u00bb text_orientation=\u00bbjustified\u00bb width=\u00bb90%\u00bb width_tablet=\u00bb100%\u00bb width_phone=\u00bb\u00bb width_last_edited=\u00bbon|phone\u00bb custom_padding=\u00bb15px||||false|false\u00bb text_font_size_tablet=\u00bb15px\u00bb text_font_size_phone=\u00bb15px\u00bb text_font_size_last_edited=\u00bbon|phone\u00bb text_orientation_tablet=\u00bbjustified\u00bb text_orientation_phone=\u00bbjustified\u00bb text_orientation_last_edited=\u00bbon|desktop\u00bb global_colors_info=\u00bb{}\u00bb]\n<p style=\"text-align: justify;\"><strong>\u00a1Estamos de cumple!<\/strong> Y no un cumple cualquiera, celebramos nuestro 30 Aniversario. Alcanzamos la treintena coincidiendo con el d\u00eda de San Publicito 2023. Hace exactamente <strong>30 a\u00f1os<\/strong>, el 27 de enero de 1993, <strong>Javier y Jes\u00fas Suso creaban Avante Medios.<\/strong> \u00bfSer\u00e1 casualidad o un simple capricho del destino? Sea como fuere, antes de continuar con nuestro relato, le pedimos al santo patr\u00f3n que bendiga estas 30 primaveras. No vaya a ser\u2026.<\/p>\n<p style=\"text-align: justify;\"><strong>Nuestra historia se escribi\u00f3<\/strong> pasito a pasito, con mucho esfuerzo y, sobre todo, <strong>con mucho cari\u00f1o<\/strong>. En el 2007 abrimos nuestra primera delegaci\u00f3n en Santiago de Compostela. En 2009 en Murcia. En 2011 en Asturias y Arag\u00f3n. En 2015 en Andaluc\u00eda. En 2017, adem\u00e1s de inaugurar sedes en Euskadi y Castilla Le\u00f3n, naci\u00f3 nuestro HUB digital. En 2019 continuamos con Alicante, Sevilla y Palma de Mallorca. Y, en plena pandemia, llegamos a Catalunya en el a\u00f1o 2020.<\/p>\n<p style=\"text-align: justify;\"><strong>Tres d\u00e9cadas que han ido definiendo nuestra personalidad y nuestros valores, y que nos han consolidado como una de las mayores y m\u00e1s antiguas agencias de medios independientes de nuestro pa\u00eds.<\/strong><\/p>\n[\/et_pb_text][\/et_pb_column][et_pb_column type=\u00bb1_2&#8243; _builder_version=\u00bb4.16&#8243; _module_preset=\u00bbdefault\u00bb global_colors_info=\u00bb{}\u00bb][et_pb_image src=\u00bbhttps:\/\/avantemedios.com\/wp-content\/uploads\/2023\/01\/Avante_30_KV_Avisos-240123_30-anos-agenda.jpg\u00bb alt=\u00bbAVANTE-30-ANIVERSARIO\u00bb title_text=\u00bbAvante_30_KV_Avisos-240123_30 a\u00f1os-agenda\u00bb src_tablet=\u00bb\u00bb src_phone=\u00bbhttps:\/\/avantemedios.com\/wp-content\/uploads\/2023\/01\/Avante_30_KV_Avisos-240123_30-anos-agenda.jpg\u00bb src_last_edited=\u00bbon|phone\u00bb disabled_on=\u00bbon|off|off\u00bb _builder_version=\u00bb4.16&#8243; _module_preset=\u00bbdefault\u00bb width_tablet=\u00bb80%\u00bb width_phone=\u00bb90%\u00bb width_last_edited=\u00bbon|phone\u00bb max_width_tablet=\u00bb\u00bb max_width_phone=\u00bb100%\u00bb max_width_last_edited=\u00bbon|phone\u00bb custom_margin_tablet=\u00bb\u00bb custom_margin_phone=\u00bb\u00bb custom_margin_last_edited=\u00bbon|phone\u00bb custom_padding=\u00bb||0px|||\u00bb module_alignment_tablet=\u00bbcenter\u00bb module_alignment_phone=\u00bbcenter\u00bb module_alignment_last_edited=\u00bbon|tablet\u00bb global_colors_info=\u00bb{}\u00bb][\/et_pb_image][\/et_pb_column][\/et_pb_row][et_pb_row _builder_version=\u00bb4.16&#8243; _module_preset=\u00bbdefault\u00bb width=\u00bb90%\u00bb custom_padding=\u00bb7px|||||\u00bb global_colors_info=\u00bb{}\u00bb][et_pb_column type=\u00bb4_4&#8243; _builder_version=\u00bb4.16&#8243; _module_preset=\u00bbdefault\u00bb global_colors_info=\u00bb{}\u00bb][et_pb_video src=\u00bbhttps:\/\/youtu.be\/2GnkgMxsJLQ\u00bb disabled_on=\u00bboff|off|off\u00bb module_id=\u00bbvideo_you\u00bb module_class=\u00bbvisible-es_ES\u00bb _builder_version=\u00bb4.16&#8243; _module_preset=\u00bbdefault\u00bb global_colors_info=\u00bb{}\u00bb][\/et_pb_video][et_pb_video src=\u00bbhttps:\/\/www.youtube.com\/watch?v=hSmuhIYWMjg\u00bb disabled_on=\u00bboff|off|off\u00bb module_id=\u00bbvideo_you\u00bb module_class=\u00bbvisible-gl_ES\u00bb _builder_version=\u00bb4.16&#8243; _module_preset=\u00bbdefault\u00bb global_colors_info=\u00bb{}\u00bb][\/et_pb_video][et_pb_video src=\u00bbhttps:\/\/www.youtube.com\/watch?v=rGhpVCEwS6Q\u00bb disabled_on=\u00bboff|off|off\u00bb module_id=\u00bbvideo_you\u00bb module_class=\u00bbvisible-eu\u00bb _builder_version=\u00bb4.16&#8243; _module_preset=\u00bbdefault\u00bb global_colors_info=\u00bb{}\u00bb][\/et_pb_video][et_pb_video src=\u00bbhttps:\/\/www.youtube.com\/watch?v=eIMK0-b0bHk\u00bb disabled_on=\u00bboff|off|off\u00bb module_id=\u00bbvideo_you\u00bb module_class=\u00bbvisible-en_US\u00bb _builder_version=\u00bb4.16&#8243; _module_preset=\u00bbdefault\u00bb global_colors_info=\u00bb{}\u00bb][\/et_pb_video][et_pb_video src=\u00bbhttps:\/\/www.youtube.com\/watch?v=0ZJmeV2EX2c&#038;ab_channel=AVANTE%7CLaagenciademediosquesuma\u00bb disabled_on=\u00bboff|off|off\u00bb module_id=\u00bbvideo_you\u00bb module_class=\u00bbvisible-ca exclude-ca\u00bb _builder_version=\u00bb4.16&#8243; _module_preset=\u00bbdefault\u00bb global_colors_info=\u00bb{}\u00bb src__hover_enabled=\u00bbon|desktop\u00bb src__hover=\u00bbhttps:\/\/www.youtube.com\/watch?v=0ZJmeV2EX2c&#038;ab_channel=AVANTE%7CLaagenciademediosquesuma\u00bb][\/et_pb_video][\/et_pb_column][\/et_pb_row][\/et_pb_section][et_pb_section fb_built=\u00bb1&#8243; custom_padding_last_edited=\u00bbon|desktop\u00bb _builder_version=\u00bb4.16&#8243; _module_preset=\u00bbdefault\u00bb background_enable_image=\u00bboff\u00bb parallax=\u00bbon\u00bb custom_padding=\u00bb0vw||0vw||false|false\u00bb custom_padding_tablet=\u00bb\u00bb custom_padding_phone=\u00bb0vw||0vw||false|false\u00bb global_colors_info=\u00bb{}\u00bb][et_pb_row column_structure=\u00bb1_2,1_2&#8243; custom_padding_last_edited=\u00bbon|phone\u00bb _builder_version=\u00bb4.16&#8243; _module_preset=\u00bbdefault\u00bb custom_padding=\u00bb7px||60px||false|false\u00bb custom_padding_tablet=\u00bb\u00bb custom_padding_phone=\u00bb10px||20px||false|false\u00bb locked=\u00bboff\u00bb global_colors_info=\u00bb{}\u00bb][et_pb_column type=\u00bb1_2&#8243; _builder_version=\u00bb4.16&#8243; _module_preset=\u00bbdefault\u00bb global_colors_info=\u00bb{}\u00bb][et_pb_text _builder_version=\u00bb4.22.2&#8243; _module_preset=\u00bbdefault\u00bb text_font=\u00bbMontserrat||||||||\u00bb text_orientation=\u00bbjustified\u00bb width=\u00bb90%\u00bb width_tablet=\u00bb100%\u00bb width_phone=\u00bb\u00bb width_last_edited=\u00bbon|phone\u00bb custom_padding=\u00bb0px||||false|false\u00bb text_font_size_tablet=\u00bb15px\u00bb text_font_size_phone=\u00bb15px\u00bb text_font_size_last_edited=\u00bbon|phone\u00bb text_orientation_tablet=\u00bbjustified\u00bb text_orientation_phone=\u00bbjustified\u00bb text_orientation_last_edited=\u00bbon|desktop\u00bb global_colors_info=\u00bb{}\u00bb]\n<p style=\"text-align: justify;\">Aprovechamos estas l\u00edneas para acordarnos en nuestro 30 Aniversario de <strong>Javier Suso, quien luch\u00f3 incansablemente por hacer las cosas bien y marc\u00f3 un antes y un despu\u00e9s en la consultor\u00eda estrat\u00e9gica de medios espa\u00f1ola.<\/strong>\u00a0Y, por supuesto, en nuestra <strong>familia AVANTE<\/strong> que ya suma m\u00e1s de 100 miembros. No estar\u00edamos hoy aqu\u00ed de no ser por \u00e9l\u2026<\/p>\n<p style=\"text-align: justify;\">Y para daros las <strong>gracias a tod@s<\/strong> los que hab\u00e9is estado ah\u00ed sumando en nuestras aventuras, formando parte de desaf\u00edos, ilusiones, \u00e9xitos y aprendizajes.<\/p>\n[\/et_pb_text][\/et_pb_column][et_pb_column type=\u00bb1_2&#8243; _builder_version=\u00bb4.16&#8243; _module_preset=\u00bbdefault\u00bb global_colors_info=\u00bb{}\u00bb][et_pb_text _builder_version=\u00bb4.16&#8243; _module_preset=\u00bbdefault\u00bb text_font=\u00bbbergen-mono|700|||||||\u00bb text_text_color=\u00bb#333333&#8243; text_font_size=\u00bb40px\u00bb text_line_height=\u00bb1em\u00bb width=\u00bb100%\u00bb max_width=\u00bb100%\u00bb module_alignment=\u00bbleft\u00bb custom_margin=\u00bb||0px|||\u00bb custom_padding=\u00bb0px||3px||false|false\u00bb text_font_size_tablet=\u00bb41px\u00bb text_font_size_phone=\u00bb28px\u00bb text_font_size_last_edited=\u00bbon|phone\u00bb text_line_height_last_edited=\u00bboff|desktop\u00bb global_colors_info=\u00bb{}\u00bb text_line_height__hover_enabled=\u00bboff|desktop\u00bb]\n<p style=\"text-align: left;\">\u00a1POR OTROS 30 A\u00d1OS<\/p>\n[\/et_pb_text][et_pb_text _builder_version=\u00bb4.16&#8243; _module_preset=\u00bbdefault\u00bb text_font=\u00bbbergen-mono|700|||||||\u00bb text_text_color=\u00bb#b2292e\u00bb text_font_size=\u00bb40px\u00bb text_line_height=\u00bb1em\u00bb width=\u00bb86%\u00bb max_width=\u00bb100%\u00bb module_alignment=\u00bbleft\u00bb custom_margin=\u00bb||-6px|||\u00bb custom_padding=\u00bb0px||||false|false\u00bb text_font_size_tablet=\u00bb41px\u00bb text_font_size_phone=\u00bb28px\u00bb text_font_size_last_edited=\u00bbon|phone\u00bb text_line_height_last_edited=\u00bboff|desktop\u00bb global_colors_info=\u00bb{}\u00bb text_line_height__hover_enabled=\u00bboff|desktop\u00bb]\n<p style=\"text-align: left;\">SUMANDO JUNTOS!<\/p>\n[\/et_pb_text][\/et_pb_column][\/et_pb_row][\/et_pb_section]\n","protected":false},"excerpt":{"rendered":"<p>El 30 aniversario de AVANTE es el reflejo de nuestra personalidad, nuestros valores y han marcado el rumbo de nuestra agencia siempre con una clara visi\u00f3n de futuro<\/p>","protected":false},"author":4,"featured_media":244054,"parent":0,"menu_order":0,"comment_status":"closed","ping_status":"closed","template":"","meta":{"_et_pb_use_builder":"on","_et_pb_old_content":"","_et_gb_content_width":"","_monsterinsights_skip_tracking":false,"_monsterinsights_sitenote_active":false,"_monsterinsights_sitenote_note":"","_monsterinsights_sitenote_category":0,"footnotes":""},"class_list":["post-244052","page","type-page","status-publish","has-post-thumbnail","hentry"],"aioseo_notices":[],"_links":{"self":[{"href":"https:\/\/avantemedios.com\/ca\/wp-json\/wp\/v2\/pages\/244052","targetHints":{"allow":["GET"]}}],"collection":[{"href":"https:\/\/avantemedios.com\/ca\/wp-json\/wp\/v2\/pages"}],"about":[{"href":"https:\/\/avantemedios.com\/ca\/wp-json\/wp\/v2\/types\/page"}],"author":[{"embeddable":true,"href":"https:\/\/avantemedios.com\/ca\/wp-json\/wp\/v2\/users\/4"}],"replies":[{"embeddable":true,"href":"https:\/\/avantemedios.com\/ca\/wp-json\/wp\/v2\/comments?post=244052"}],"version-history":[{"count":50,"href":"https:\/\/avantemedios.com\/ca\/wp-json\/wp\/v2\/pages\/244052\/revisions"}],"predecessor-version":[{"id":246112,"href":"https:\/\/avantemedios.com\/ca\/wp-json\/wp\/v2\/pages\/244052\/revisions\/246112"}],"wp:featuredmedia":[{"embeddable":true,"href":"https:\/\/avantemedios.com\/ca\/wp-json\/wp\/v2\/media\/244054"}],"wp:attachment":[{"href":"https:\/\/avantemedios.com\/ca\/wp-json\/wp\/v2\/media?parent=244052"}],"curies":[{"name":"wp","href":"https:\/\/api.w.org\/{rel}","templated":true}]}}