{"id":248041,"date":"2024-12-03T11:29:51","date_gmt":"2024-12-03T10:29:51","guid":{"rendered":"https:\/\/avantemedios.com\/?page_id=248041"},"modified":"2025-03-27T14:35:27","modified_gmt":"2025-03-27T13:35:27","slug":"ayuda-dana-navidad-2024","status":"publish","type":"page","link":"https:\/\/avantemedios.com\/ca\/ayuda-dana-navidad-2024\/","title":{"rendered":"Feliz Navidad"},"content":{"rendered":"\n[et_pb_section fb_built=\u00bb1&#8243; custom_padding_last_edited=\u00bbon|desktop\u00bb admin_label=\u00bbsection\u00bb _builder_version=\u00bb4.16&#8243; custom_padding=\u00bb6vw||10px||false|false\u00bb custom_padding_tablet=\u00bb15vw||||false|false\u00bb custom_padding_phone=\u00bb23vw||||false|false\u00bb da_disable_devices=\u00bboff|off|off\u00bb global_colors_info=\u00bb{}\u00bb da_is_popup=\u00bboff\u00bb da_exit_intent=\u00bboff\u00bb da_has_close=\u00bbon\u00bb da_alt_close=\u00bboff\u00bb da_dark_close=\u00bboff\u00bb da_not_modal=\u00bbon\u00bb da_is_singular=\u00bboff\u00bb da_with_loader=\u00bboff\u00bb da_has_shadow=\u00bbon\u00bb][et_pb_row admin_label=\u00bbrow\u00bb _builder_version=\u00bb4.16&#8243; background_size=\u00bbinitial\u00bb background_position=\u00bbtop_left\u00bb background_repeat=\u00bbrepeat\u00bb custom_margin=\u00bb18px|auto|26px|auto||\u00bb custom_padding=\u00bb||2px|||\u00bb global_colors_info=\u00bb{}\u00bb][et_pb_column type=\u00bb4_4&#8243; _builder_version=\u00bb4.16&#8243; custom_padding=\u00bb|||\u00bb global_colors_info=\u00bb{}\u00bb custom_padding__hover=\u00bb|||\u00bb][et_pb_image src=\u00bbhttps:\/\/avantemedios.com\/wp-content\/uploads\/2024\/12\/Feliz-Navidad-2024_AVANTE.gif\u00bb alt=\u00bbFeliz Navidad_AVANTE\u00bb title_text=\u00bbFeliz Navidad 2024_AVANTE\u00bb force_fullwidth=\u00bbon\u00bb _builder_version=\u00bb4.24.0&#8243; _module_preset=\u00bbdefault\u00bb box_shadow_style=\u00bbpreset1&#8243; global_colors_info=\u00bb{}\u00bb][\/et_pb_image][et_pb_text disabled_on=\u00bbon|on|off\u00bb _builder_version=\u00bb4.24.0&#8243; _module_preset=\u00bbdefault\u00bb background_color=\u00bbRGBA(255,255,255,0)\u00bb custom_margin=\u00bb52px|||||\u00bb hover_enabled=\u00bb0&#8243; global_colors_info=\u00bb{}\u00bb sticky_enabled=\u00bb0&#8243;]<h3 style=\"text-align: center;\"><span style=\"color: #b2292e;\"><strong>Con nuestros mejores deseos, esperamos que pases una Feliz Navidad<\/strong><\/span><\/h3>\n<h3 style=\"text-align: center;\"><span style=\"color: #b2292e;\"><strong>y tengas un pr\u00f3spero 2025 cargado de \u00e9xitos.<\/strong><\/span><\/h3>[\/et_pb_text][et_pb_text disabled_on=\u00bboff|off|on\u00bb _builder_version=\u00bb4.24.0&#8243; _module_preset=\u00bbdefault\u00bb background_color=\u00bbRGBA(255,255,255,0)\u00bb custom_margin=\u00bb52px|||||\u00bb hover_enabled=\u00bb0&#8243; global_colors_info=\u00bb{}\u00bb sticky_enabled=\u00bb0&#8243;]<h5 style=\"text-align: center;\"><span style=\"color: #b2292e;\"><strong>Con nuestros mejores deseos, esperamos que pases una Feliz Navidad <\/strong><\/span><span style=\"color: #b2292e;\"><strong>y tengas un pr\u00f3spero 2025 cargado de \u00e9xitos.<\/strong><\/span><\/h5>[\/et_pb_text][et_pb_icon font_icon=\u00bb&#xe008;||divi||400&#8243; _builder_version=\u00bb4.24.0&#8243; _module_preset=\u00bbdefault\u00bb global_colors_info=\u00bb{}\u00bb][\/et_pb_icon][et_pb_text disabled_on=\u00bbon|on|off\u00bb _builder_version=\u00bb4.24.0&#8243; _module_preset=\u00bbdefault\u00bb background_color=\u00bbRGBA(255,255,255,0)\u00bb custom_margin=\u00bb2px|||||\u00bb hover_enabled=\u00bb0&#8243; global_colors_info=\u00bb{}\u00bb sticky_enabled=\u00bb0&#8243;]<h4 style=\"text-align: center;\"><span style=\"color: #3e3e3e;\"><strong>GRACIAS por la confianza que diariamente depositas en nosotros.<\/strong><\/span><\/h4>\n<h4 style=\"text-align: center;\"><span style=\"color: #3e3e3e;\"><strong>Esperamos continuar trabajando juntos para hacer que cada acci\u00f3n cuente,<\/strong><\/span><\/h4>\n<h4 style=\"text-align: center;\"><span style=\"color: #3e3e3e;\"><strong>dentro y fuera de nuestra actividad.<\/strong><\/span><\/h4>[\/et_pb_text][et_pb_text disabled_on=\u00bboff|off|on\u00bb _builder_version=\u00bb4.24.0&#8243; _module_preset=\u00bbdefault\u00bb background_color=\u00bbRGBA(255,255,255,0)\u00bb custom_margin=\u00bb2px|||||\u00bb hover_enabled=\u00bb0&#8243; global_colors_info=\u00bb{}\u00bb sticky_enabled=\u00bb0&#8243;]<h5 style=\"text-align: center;\"><span style=\"color: #3e3e3e;\"><strong>GRACIAS por la confianza que diariamente depositas en nosotros. E<\/strong><\/span><span style=\"color: #3e3e3e;\"><strong>speramos continuar trabajando juntos para hacer que cada acci\u00f3n cuente, <\/strong><\/span><span style=\"color: #3e3e3e;\"><strong>dentro y fuera de nuestra actividad.<\/strong><\/span><\/h5>[\/et_pb_text][et_pb_text _builder_version=\u00bb4.24.0&#8243; _module_preset=\u00bbdefault\u00bb custom_margin=\u00bb||30px|||\u00bb global_colors_info=\u00bb{}\u00bb]<div class=\"row ParrafoMargen\">\n<div class=\"col-xs-12\">\n<div class=\"Default_TextBlock\" id=\"DEF0TEXT2\" data-gxformat=\"1\" style=\"text-align: justify;\">\n<p><strong>En AVANTE sabemos que la visibilidad lo es todo.<\/strong> En cada campa\u00f1a, medimos oportunidades para impactar, para conectar, para dejar huella&#8230; <strong>Nos obsesiona encontrar las mejores OTS<\/strong>, aquellas que marcan la diferencia y generan recuerdo. Pero <strong>hay momentos en la vida en los que el mensaje m\u00e1s importante no es un anuncio, sino un gesto.<\/strong> Una oportunidad para ver m\u00e1s all\u00e1 y tender una mano a quien m\u00e1s lo necesita.<\/p>\n<\/div>\n<\/div>\n<\/div>[\/et_pb_text][\/et_pb_column][\/et_pb_row][et_pb_row disabled_on=\u00bbon|on|off\u00bb _builder_version=\u00bb4.24.0&#8243; _module_preset=\u00bbdefault\u00bb background_color=\u00bb#b2292e\u00bb global_colors_info=\u00bb{}\u00bb][et_pb_column type=\u00bb4_4&#8243; _builder_version=\u00bb4.24.0&#8243; _module_preset=\u00bbdefault\u00bb global_colors_info=\u00bb{}\u00bb][et_pb_text _builder_version=\u00bb4.24.0&#8243; _module_preset=\u00bbdefault\u00bb background_color=\u00bb#b2292e\u00bb custom_margin=\u00bb2px|||||\u00bb global_colors_info=\u00bb{}\u00bb]<h3 style=\"text-align: center;\"><span style=\"color: #ffffff;\"><strong>Esta Navidad queremos invitarte a que formes parte<\/strong><\/span><\/h3>\n<h3 style=\"text-align: center;\"><span style=\"color: #ffffff;\"><strong>de una de las campa\u00f1as m\u00e1s especiales<\/strong><\/span><\/h3>\n<h3 style=\"text-align: center;\"><span style=\"color: #ffffff;\"><strong>que hemos activado hasta la fecha<\/strong><\/span><\/h3>[\/et_pb_text][\/et_pb_column][\/et_pb_row][et_pb_row disabled_on=\u00bboff|off|on\u00bb _builder_version=\u00bb4.24.0&#8243; _module_preset=\u00bbdefault\u00bb background_color=\u00bb#b2292e\u00bb global_colors_info=\u00bb{}\u00bb][et_pb_column type=\u00bb4_4&#8243; _builder_version=\u00bb4.24.0&#8243; _module_preset=\u00bbdefault\u00bb global_colors_info=\u00bb{}\u00bb][et_pb_text _builder_version=\u00bb4.24.0&#8243; _module_preset=\u00bbdefault\u00bb background_color=\u00bb#b2292e\u00bb custom_margin=\u00bb2px|||||\u00bb custom_padding=\u00bb|9px||7px||\u00bb global_colors_info=\u00bb{}\u00bb]<h4 style=\"text-align: center;\"><span style=\"color: #ffffff;\"><strong>Esta Navidad queremos invitarte a que formes parte <\/strong><\/span><span style=\"color: #ffffff;\"><strong>de una de las campa\u00f1as m\u00e1s especiales <\/strong><\/span><span style=\"color: #ffffff;\"><strong>que hemos activado hasta la fecha<\/strong><\/span><\/h4>[\/et_pb_text][\/et_pb_column][\/et_pb_row][et_pb_row column_structure=\u00bb1_2,1_2&#8243; _builder_version=\u00bb4.24.0&#8243; _module_preset=\u00bbdefault\u00bb custom_margin=\u00bb12px|auto||auto||\u00bb global_colors_info=\u00bb{}\u00bb][et_pb_column type=\u00bb1_2&#8243; _builder_version=\u00bb4.24.0&#8243; _module_preset=\u00bbdefault\u00bb global_colors_info=\u00bb{}\u00bb][et_pb_text _builder_version=\u00bb4.24.0&#8243; _module_preset=\u00bbdefault\u00bb custom_margin=\u00bb-3px|||||\u00bb hover_enabled=\u00bb0&#8243; global_colors_info=\u00bb{}\u00bb sticky_enabled=\u00bb0&#8243;]<p style=\"text-align: justify;\">El pasado mes de noviembre, desde nuestra oficina de Levante, <strong>unimos fuerzas con Cruz Roja en un crowdfunding <\/strong><strong>destinado a los damnificados por la DANA en Valencia<\/strong>. <span>Con una aportaci\u00f3n inicial por nuestra parte de 5.000\u20ac, os invitamos a sumaros a esta causa. Toda contribuci\u00f3n, por peque\u00f1a que sea, representa una esperanza para los afectados y ayudar\u00e1 a reconstruir las vidas de nuestros vecinos y amigos.<\/span><\/p>\n<p style=\"text-align: justify;\">Han pasado muchas semanas desde aquel fat\u00eddico 29 de octubre, y muchas familias y negocios a\u00fan luchan por reconstruir lo que perdieron. Para ellos, nuestra ayuda es m\u00e1s que una campa\u00f1a, es una oportunidad de recuperar la esperanza, las fuerzas, el futuro y, sobre todo, de no caer en el olvido.<\/p>\n<p style=\"text-align: justify;\">Para que su realidad no pase desapercibida y juntos podamos, una vez m\u00e1s, marcar la diferencia, haz que esta Navidad cuente. <span><strong>Haz click y<\/strong><\/span><strong>\u00a0te contamos c\u00f3mo colaborar.<\/strong><\/p>[\/et_pb_text][\/et_pb_column][et_pb_column type=\u00bb1_2&#8243; _builder_version=\u00bb4.24.0&#8243; _module_preset=\u00bbdefault\u00bb global_colors_info=\u00bb{}\u00bb][et_pb_image src=\u00bbhttps:\/\/avantemedios.com\/wp-content\/uploads\/2024\/12\/Emergencia-dana.png\u00bb _builder_version=\u00bb4.24.0&#8243; _module_preset=\u00bbdefault\u00bb title_text=\u00bbEmergencia dana\u00bb hover_enabled=\u00bb0&#8243; sticky_enabled=\u00bb0&#8243;][\/et_pb_image][\/et_pb_column][\/et_pb_row][et_pb_row _builder_version=\u00bb4.24.0&#8243; _module_preset=\u00bbdefault\u00bb custom_padding=\u00bb37px|||||\u00bb global_colors_info=\u00bb{}\u00bb column_structure=\u00bb1_4,1_2,1_4&#8243;][et_pb_column type=\u00bb1_4&#8243; _builder_version=\u00bb4.24.0&#8243; _module_preset=\u00bbdefault\u00bb global_colors_info=\u00bb{}\u00bb][\/et_pb_column][et_pb_column type=\u00bb1_2&#8243; _builder_version=\u00bb4.24.0&#8243; _module_preset=\u00bbdefault\u00bb global_colors_info=\u00bb{}\u00bb][et_pb_button button_url=\u00bbhttps:\/\/cercadeti.cruzroja.es\/avantecruzrojadana\u00bb url_new_window=\u00bbon\u00bb button_text=\u00bb\u00bfTe animas a sumar?\u00bb button_alignment=\u00bbcenter\u00bb _builder_version=\u00bb4.24.0&#8243; _module_preset=\u00bbdefault\u00bb custom_button=\u00bbon\u00bb button_text_color=\u00bb#FFFFFF\u00bb button_bg_color=\u00bb#b2292e\u00bb button_border_width=\u00bb0px\u00bb button_border_radius=\u00bb0px\u00bb button_icon=\u00bb&#x3d;||divi||400&#8243; background_layout=\u00bbdark\u00bb global_colors_info=\u00bb{}\u00bb custom_margin=\u00bb||23px|||\u00bb][\/et_pb_button][et_pb_image src=\u00bbhttps:\/\/avantemedios.com\/wp-content\/uploads\/2024\/12\/Logo-AVANTE-Navidad-1.png\u00bb alt=\u00bbKit Consulting_AVANTE\u00bb title_text=\u00bbLogo AVANTE Navidad\u00bb _builder_version=\u00bb4.24.0&#8243; _module_preset=\u00bbdefault\u00bb hover_enabled=\u00bb0&#8243; global_colors_info=\u00bb{}\u00bb sticky_enabled=\u00bb0&#8243;][\/et_pb_image][\/et_pb_column][et_pb_column type=\u00bb1_4&#8243; _builder_version=\u00bb4.24.0&#8243; _module_preset=\u00bbdefault\u00bb global_colors_info=\u00bb{}\u00bb][\/et_pb_column][\/et_pb_row][\/et_pb_section]\n","protected":false},"excerpt":{"rendered":"<p>Con nuestros mejores deseos, esperamos que pases una Feliz Navidad y tengas un pr\u00f3spero 2025 cargado de \u00e9xitos.Con nuestros mejores deseos, esperamos que pases una Feliz Navidad y tengas un pr\u00f3spero 2025 cargado de \u00e9xitos.GRACIAS por la confianza que diariamente depositas en nosotros. Esperamos continuar trabajando juntos para hacer que cada acci\u00f3n cuente, dentro y [&hellip;]<\/p>\n","protected":false},"author":5,"featured_media":248049,"parent":0,"menu_order":0,"comment_status":"closed","ping_status":"closed","template":"","meta":{"_et_pb_use_builder":"on","_et_pb_old_content":"<!-- wp:heading --><h2>Qui\u00e9nes somos<\/h2><!-- \/wp:heading --><!-- wp:paragraph --><p>La direcci\u00f3n de nuestra web es: https:\/\/avantemedios.com.<\/p><!-- \/wp:paragraph --><!-- wp:heading --><h2>Qu\u00e9 datos personales recogemos y por qu\u00e9 los recogemos<\/h2><!-- \/wp:heading --><!-- wp:heading {\"level\":3} --><h3>Comentarios<\/h3><!-- \/wp:heading --><!-- wp:paragraph --><p>Cuando los visitantes dejan comentarios en la web, recopilamos los datos que se muestran en el formulario de comentarios, as\u00ed como la direcci\u00f3n IP del visitante y la cadena de agentes de usuario del navegador para ayudar a la detecci\u00f3n de spam.<\/p><!-- \/wp:paragraph --><!-- wp:paragraph --><p>Una cadena an\u00f3nima creada a partir de tu direcci\u00f3n de correo electr\u00f3nico (tambi\u00e9n llamada hash) puede ser proporcionada al servicio de Gravatar para ver si la est\u00e1s usando. La pol\u00edtica de privacidad del servicio Gravatar est\u00e1 disponible aqu\u00ed: https:\/\/automattic.com\/privacy\/. Despu\u00e9s de la aprobaci\u00f3n de tu comentario, la imagen de tu perfil es visible para el p\u00fablico en el contexto de su comentario.<\/p><!-- \/wp:paragraph --><!-- wp:heading {\"level\":3} --><h3>Medios<\/h3><!-- \/wp:heading --><!-- wp:paragraph --><p>Si subes im\u00e1genes a la web deber\u00edas evitar subir im\u00e1genes con datos de ubicaci\u00f3n (GPS EXIF) incluidos. Los visitantes de la web pueden descargar y extraer cualquier dato de localizaci\u00f3n de las im\u00e1genes de la web.<\/p><!-- \/wp:paragraph --><!-- wp:heading {\"level\":3} --><h3>Formularios de contacto<\/h3><!-- \/wp:heading --><!-- wp:heading {\"level\":3} --><h3>Cookies<\/h3><!-- \/wp:heading --><!-- wp:paragraph --><p>Si dejas un comentario en nuestro sitio puedes elegir guardar tu nombre, direcci\u00f3n de correo electr\u00f3nico y web en cookies. Esto es para tu comodidad, para que no tengas que volver a rellenar tus datos cuando dejes otro comentario. Estas cookies tendr\u00e1n una duraci\u00f3n de un a\u00f1o.<\/p><!-- \/wp:paragraph --><!-- wp:paragraph --><p>Si tienes una cuenta y te conectas a este sitio, instalaremos una cookie temporal para determinar si tu navegador acepta cookies. Esta cookie no contiene datos personales y se elimina al cerrar el navegador.<\/p><!-- \/wp:paragraph --><!-- wp:paragraph --><p>Cuando inicias sesi\u00f3n, tambi\u00e9n instalaremos varias cookies para guardar tu informaci\u00f3n de inicio de sesi\u00f3n y tus opciones de visualizaci\u00f3n de pantalla. Las cookies de inicio de sesi\u00f3n duran dos d\u00edas, y las cookies de opciones de pantalla duran un a\u00f1o. Si seleccionas &quot;Recordarme&quot;, tu inicio de sesi\u00f3n perdurar\u00e1 durante dos semanas. Si sales de tu cuenta, las cookies de inicio de sesi\u00f3n se eliminar\u00e1n.<\/p><!-- \/wp:paragraph --><!-- wp:paragraph --><p>Si editas o publicas un art\u00edculo se guardar\u00e1 una cookie adicional en tu navegador. Esta cookie no incluye datos personales y simplemente indica el ID del art\u00edculo que acabas de editar. Caduca despu\u00e9s de 1 d\u00eda.<\/p><!-- \/wp:paragraph --><!-- wp:heading {\"level\":3} --><h3>Contenido incrustado de otros sitios web<\/h3><!-- \/wp:heading --><!-- wp:paragraph --><p>Los art\u00edculos de este sitio pueden incluir contenido incrustado (por ejemplo, v\u00eddeos, im\u00e1genes, art\u00edculos, etc.). El contenido incrustado de otras web se comporta exactamente de la misma manera que si el visitante hubiera visitado la otra web.<\/p><!-- \/wp:paragraph --><!-- wp:paragraph --><p>Estas web pueden recopilar datos sobre ti, utilizar cookies, incrustar un seguimiento adicional de terceros, y supervisar tu interacci\u00f3n con ese contenido incrustado, incluido el seguimiento de tu interacci\u00f3n con el contenido incrustado si tienes una cuenta y est\u00e1s conectado a esa web.<\/p><!-- \/wp:paragraph --><!-- wp:heading {\"level\":3} --><h3>Anal\u00edtica<\/h3><!-- \/wp:heading --><!-- wp:heading --><h2>Con qui\u00e9n compartimos tus datos<\/h2><!-- \/wp:heading --><!-- wp:heading --><h2>Cu\u00e1nto tiempo conservamos tus datos<\/h2><!-- \/wp:heading --><!-- wp:paragraph --><p>Si dejas un comentario, el comentario y sus metadatos se conservan indefinidamente. Esto es para que podamos reconocer y aprobar comentarios sucesivos autom\u00e1ticamente en lugar de mantenerlos en una cola de moderaci\u00f3n.<\/p><!-- \/wp:paragraph --><!-- wp:paragraph --><p>De los usuarios que se registran en nuestra web (si los hay), tambi\u00e9n almacenamos la informaci\u00f3n personal que proporcionan en su perfil de usuario. Todos los usuarios pueden ver, editar o eliminar su informaci\u00f3n personal en cualquier momento (excepto que no pueden cambiar su nombre de usuario). Los administradores de la web tambi\u00e9n pueden ver y editar esa informaci\u00f3n.<\/p><!-- \/wp:paragraph --><!-- wp:heading --><h2>Qu\u00e9 derechos tienes sobre tus datos<\/h2><!-- \/wp:heading --><!-- wp:paragraph --><p>Si tienes una cuenta o has dejado comentarios en esta web, puedes solicitar recibir un archivo de exportaci\u00f3n de los datos personales que tenemos sobre ti, incluyendo cualquier dato que nos hayas proporcionado. Tambi\u00e9n puedes solicitar que eliminemos cualquier dato personal que tengamos sobre ti. Esto no incluye ning\u00fan dato que estemos obligados a conservar con fines administrativos, legales o de seguridad.<\/p><!-- \/wp:paragraph --><!-- wp:heading --><h2>D\u00f3nde enviamos tus datos<\/h2><!-- \/wp:heading --><!-- wp:paragraph --><p>Los comentarios de los visitantes puede que los revise un servicio de detecci\u00f3n autom\u00e1tica de spam.<\/p><!-- \/wp:paragraph --><!-- wp:heading --><h2>Tu informaci\u00f3n de contacto<\/h2><!-- \/wp:heading --><!-- wp:heading --><h2>Informaci\u00f3n adicional<\/h2><!-- \/wp:heading --><!-- wp:heading {\"level\":3} --><h3>C\u00f3mo protegemos tus datos<\/h3><!-- \/wp:heading --><!-- wp:heading {\"level\":3} --><h3>Qu\u00e9 procedimientos utilizamos contra las brechas de datos<\/h3><!-- \/wp:heading --><!-- wp:heading {\"level\":3} --><h3>De qu\u00e9 terceros recibimos datos<\/h3><!-- \/wp:heading --><!-- wp:heading {\"level\":3} --><h3>Qu\u00e9 tipo de toma de decisiones automatizada y\/o perfilado hacemos con los datos del usuario<\/h3><!-- \/wp:heading --><!-- wp:heading {\"level\":3} --><h3>Requerimientos regulatorios de revelaci\u00f3n de informaci\u00f3n del sector<\/h3><!-- \/wp:heading -->","_et_gb_content_width":"","_monsterinsights_skip_tracking":false,"_monsterinsights_sitenote_active":false,"_monsterinsights_sitenote_note":"","_monsterinsights_sitenote_category":0,"footnotes":""},"class_list":["post-248041","page","type-page","status-publish","has-post-thumbnail","hentry"],"aioseo_notices":[],"_links":{"self":[{"href":"https:\/\/avantemedios.com\/ca\/wp-json\/wp\/v2\/pages\/248041","targetHints":{"allow":["GET"]}}],"collection":[{"href":"https:\/\/avantemedios.com\/ca\/wp-json\/wp\/v2\/pages"}],"about":[{"href":"https:\/\/avantemedios.com\/ca\/wp-json\/wp\/v2\/types\/page"}],"author":[{"embeddable":true,"href":"https:\/\/avantemedios.com\/ca\/wp-json\/wp\/v2\/users\/5"}],"replies":[{"embeddable":true,"href":"https:\/\/avantemedios.com\/ca\/wp-json\/wp\/v2\/comments?post=248041"}],"version-history":[{"count":14,"href":"https:\/\/avantemedios.com\/ca\/wp-json\/wp\/v2\/pages\/248041\/revisions"}],"predecessor-version":[{"id":248738,"href":"https:\/\/avantemedios.com\/ca\/wp-json\/wp\/v2\/pages\/248041\/revisions\/248738"}],"wp:featuredmedia":[{"embeddable":true,"href":"https:\/\/avantemedios.com\/ca\/wp-json\/wp\/v2\/media\/248049"}],"wp:attachment":[{"href":"https:\/\/avantemedios.com\/ca\/wp-json\/wp\/v2\/media?parent=248041"}],"curies":[{"name":"wp","href":"https:\/\/api.w.org\/{rel}","templated":true}]}}