{"id":236311,"date":"2020-09-23T10:02:29","date_gmt":"2020-09-23T08:02:29","guid":{"rendered":"https:\/\/avantemedios.com\/?page_id=236311"},"modified":"2025-10-09T11:27:14","modified_gmt":"2025-10-09T09:27:14","slug":"uso-de-cookies","status":"publish","type":"page","link":"https:\/\/avantemedios.com\/en\/uso-de-cookies\/","title":{"rendered":"Uso de cookies"},"content":{"rendered":"[et_pb_section fb_built=\u00bb1&#8243; custom_padding_last_edited=\u00bbon|desktop\u00bb admin_label=\u00bbsection\u00bb _builder_version=\u00bb4.16&#8243; custom_padding=\u00bb11vw||||false|false\u00bb custom_padding_tablet=\u00bb15vw||||false|false\u00bb custom_padding_phone=\u00bb23vw||||false|false\u00bb global_colors_info=\u00bb{}\u00bb da_is_popup=\u00bboff\u00bb da_exit_intent=\u00bboff\u00bb da_has_close=\u00bbon\u00bb da_alt_close=\u00bboff\u00bb da_dark_close=\u00bboff\u00bb da_not_modal=\u00bbon\u00bb da_is_singular=\u00bboff\u00bb da_with_loader=\u00bboff\u00bb da_has_shadow=\u00bbon\u00bb da_disable_devices=\u00bboff|off|off\u00bb][et_pb_row admin_label=\u00bbrow\u00bb _builder_version=\u00bb4.16&#8243; background_size=\u00bbinitial\u00bb background_position=\u00bbtop_left\u00bb background_repeat=\u00bbrepeat\u00bb global_colors_info=\u00bb{}\u00bb][et_pb_column type=\u00bb4_4&#8243; _builder_version=\u00bb4.16&#8243; custom_padding=\u00bb|||\u00bb global_colors_info=\u00bb{}\u00bb custom_padding__hover=\u00bb|||\u00bb][et_pb_text admin_label=\u00bbText\u00bb _builder_version=\u00bb4.16&#8243; background_size=\u00bbinitial\u00bb background_position=\u00bbtop_left\u00bb background_repeat=\u00bbrepeat\u00bb global_colors_info=\u00bb{}\u00bb]\n<h3><strong>POL\u00cdTICA DE COOKIES (<a target=\"_blank\" class=\"c-link\" data-stringify-link=\"http:\/\/AVANTEMEDIOS.COM\" delay=\"150\" data-sk=\"tooltip_parent\" href=\"https:\/\/avantemedios.com\/\" rel=\"noopener noreferrer\">AVANTEMEDIOS.COM<\/a>)<\/strong><\/h3>\n<p><span><\/span><\/p>\n[\/et_pb_text][et_pb_text _builder_version=\u00bb4.24.0&#8243; _module_preset=\u00bbdefault\u00bb hover_enabled=\u00bb0&#8243; global_colors_info=\u00bb{}\u00bb sticky_enabled=\u00bb0&#8243;]\n<div aria-expanded=\"false\" class=\"c-virtual_list__item\" role=\"listitem\" data-qa=\"virtual-list-item\" style=\"text-align: justify;\" tabindex=\"-1\"><\/div>\n<div aria-expanded=\"false\" class=\"c-virtual_list__item\" role=\"listitem\" id=\"1600770070.003300\" data-qa=\"virtual-list-item\" style=\"text-align: justify;\" tabindex=\"-1\">\n<div role=\"document\" class=\"c-message_kit__background p-message_pane_message__message c-message_kit__message\" data-qa=\"message_container\" data-qa-unprocessed=\"false\" data-qa-placeholder=\"false\">\n<div role=\"document\" class=\"c-message_kit__hover\" data-qa-hover=\"true\">\n<div class=\"c-message_kit__actions c-message_kit__actions--default\">\n<div class=\"c-message_kit__gutter\">\n<div class=\"c-message_kit__gutter__right\" data-qa=\"message_content\">\n<div class=\"c-message_kit__blocks c-message_kit__blocks--rich_text\">\n<div class=\"c-message__message_blocks c-message__message_blocks--rich_text\">\n<div class=\"p-block_kit_renderer\" data-qa=\"block-kit-renderer\">\n<div class=\"p-block_kit_renderer__block_wrapper p-block_kit_renderer__block_wrapper--first\">\n<div class=\"p-rich_text_block\" dir=\"auto\">\n<div class=\"p-rich_text_section\"><i data-stringify-type=\"italic\">\u00bfQu\u00e9 son las cookies?<\/i><br \/>Las cookies son\u00a0<i data-stringify-type=\"italic\">dispositivos de almacenamiento y recuperaci\u00f3n de datos en equipos terminales de los destinatarios, tal como se recoge en la definici\u00f3n legal contemplada en la Ley de Servicios de la Sociedad de la Informaci\u00f3n y del Comercio Electr\u00f3nico n\u00ba34\/2002, tambi\u00e9n denominada \u201cLSSI\u201d.<\/i><br \/><i data-stringify-type=\"italic\">\u00a0<\/i><br \/><i data-stringify-type=\"italic\">\u00bfQu\u00e9 tipos de cookies recaba esta p\u00e1gina web?<\/i><\/div>\n<ul data-stringify-type=\"unordered-list\" class=\"p-rich_text_list p-rich_text_list__bullet\" data-indent=\"0\">\n<li><b data-stringify-type=\"bold\">Cookies t\u00e9cnicas<\/b>: son aqu\u00e9llas que permiten al usuario la navegaci\u00f3n a trav\u00e9s de una p\u00e1gina web, plataforma o aplicaci\u00f3n y la utilizaci\u00f3n de las diferentes opciones o servicios que en ella existan como, por ejemplo, controlar el tr\u00e1fico y la comunicaci\u00f3n de datos, identificar la sesi\u00f3n, acceder a partes de acceso restringido, recordar los elementos que integran un pedido, realizar el proceso de compra de un pedido, utilizar elementos de seguridad durante la navegaci\u00f3n o compartir contenidos a trav\u00e9s de redes sociales.<\/li>\n<li><b data-stringify-type=\"bold\">Cookies de personalizaci\u00f3n<\/b>: Son aqu\u00e9llas que permiten al usuario acceder al servicio con algunas caracter\u00edsticas de car\u00e1cter general predefinidas en funci\u00f3n de una serie de criterios en el terminal del usuario como por ejemplo serian el idioma, el tipo de navegador a trav\u00e9s del cual accede al servicio, la configuraci\u00f3n regional desde donde accede al servicio, etc.<\/li>\n<li><b data-stringify-type=\"bold\">Cookies de an\u00e1lisis y publicitarias<\/b>: son aqu\u00e9llas que bien tratadas por nosotros o por terceros, nos permiten cuantificar el n\u00famero de usuarios y as\u00ed realizar la medici\u00f3n y an\u00e1lisis estad\u00edstico de la utilizaci\u00f3n que hacen los usuarios del servicio ofertado. Para ello se analiza su navegaci\u00f3n en nuestra p\u00e1gina web con el fin de mejorar la oferta de productos o servicios que le ofrecemos.<\/li>\n<li><b data-stringify-type=\"bold\">Cookies de terceros:<\/b>\u00a0puede utilizar servicios de terceros los cuales recopilan informaci\u00f3n con fines estad\u00edsticos, de uso de la p\u00e1gina web por parte del usuario y para la prestaci\u00f3n de otros servicios relacionados con la actividad de la p\u00e1gina web y otros servicios de Internet.<\/li>\n<\/ul>\n<\/div>\n<\/div>\n<\/div>\n<\/div>\n<\/div>\n<\/div>\n<\/div>\n<\/div>\n<\/div>\n<\/div>\n<\/div>\n<div aria-expanded=\"false\" class=\"c-virtual_list__item\" role=\"listitem\" id=\"1600770070.003400\" data-qa=\"virtual-list-item\" tabindex=\"-1\">\n<div role=\"document\" class=\"c-message_kit__background c-message_kit__background--hovered p-message_pane_message__message c-message_kit__message\" data-qa=\"message_container\" data-qa-unprocessed=\"false\" data-qa-placeholder=\"false\">\n<div role=\"document\" class=\"c-message_kit__hover c-message_kit__hover--hovered\" data-qa-hover=\"true\">\n<div class=\"c-message_kit__actions c-message_kit__actions--above\">\n<div class=\"c-message_kit__gutter\">\n<div class=\"c-message_kit__gutter__right\" data-qa=\"message_content\">\n<div class=\"c-message_kit__blocks c-message_kit__blocks--rich_text\" style=\"text-align: justify;\">\n<div class=\"c-message__message_blocks c-message__message_blocks--rich_text\">\n<div class=\"p-block_kit_renderer\" data-qa=\"block-kit-renderer\">\n<div class=\"p-block_kit_renderer__block_wrapper p-block_kit_renderer__block_wrapper--first\">\n<div class=\"p-rich_text_block\" dir=\"auto\">\n<div class=\"p-rich_text_section\">\n<p>Identificaci\u00f3n de las concretas cookies:<br \/><a target=\"_blank\" class=\"c-link\" data-stringify-link=\"http:\/\/Avantemedios.com\" delay=\"150\" data-sk=\"tooltip_parent\" href=\"https:\/\/avantemedios.com\/\" rel=\"noopener noreferrer\">Avantemedios.com<\/a><\/p>\n<p><strong>1. Cookies propias<\/strong><\/p>\n<p><span><code>__ss<\/code><\/span><\/p>\n<p><span><code>__ss_referrer<\/code><\/span><\/p>\n<p><span><code>_wpfuuid<\/code><\/span><\/p>\n<p><span><code>CookieScriptConsent<\/code><\/span><\/p>\n<p><span><code>PHPSESSID<\/code><\/span><\/p>\n<p>2. <strong>Cookies de an\u00e1lisis (Google Analytics)<\/strong><\/p>\n<p><span><code>_ga<\/code><\/span><\/p>\n<p><span><code>_ga_898RF4340T<\/code><\/span><\/p>\n<p><span><code>_ga_Q27TBMKDE4<\/code><\/span><\/p>\n<p><span><code>_gid<\/code><\/span><\/p>\n<p>3. <strong>Cookies de publicidad y seguimiento<\/strong><\/p>\n<p><span><code>_fbp<\/code> (Facebook Pixel)<\/span><\/p>\n<p><span><code>_gcl_au<\/code> (Google AdSense \/ Conversion Linker)<\/span><\/p>\n<p>4. <strong>Cookies t\u00e9cnicas y de sesi\u00f3n<\/strong><\/p>\n<p><span><code>PHPSESSID<\/code><\/span><\/p>\n<p><span><code>zft-sdc<\/code><\/span><\/p>\n<p><span><code>zps-tgr-dts<\/code><\/span><\/p>\n<p><span><code>zsc059c756d9ec24e4493291075d5c4dd57<\/code><\/span><\/p>\n<\/div>\n<div class=\"p-rich_text_section\"><span class=\"c-mrkdwn__br\" data-stringify-type=\"paragraph-break\"><\/span><\/div>\n<div class=\"p-rich_text_section\"><span class=\"c-mrkdwn__br\" data-stringify-type=\"paragraph-break\"><\/span><i data-stringify-type=\"italic\">Finalidades de las cookies<\/i><br \/><i data-stringify-type=\"italic\">Atendiendo al considerando n\u00ba 21 del Reglamento\u00a0<\/i>sobre la privacidad y las comunicaciones electr\u00f3nicas, denominado \u201cE-Privacy\u201d las\u00a0cookies\u00a0pueden ser tambi\u00e9n un instrumento leg\u00edtimo y \u00fatil, por ejemplo a la hora de medir el tr\u00e1fico en un sitio web. No debe considerase acceso a un dispositivo o utilizaci\u00f3n de sus capacidades de tratamiento la comprobaci\u00f3n de la configuraci\u00f3n por parte de un proveedor de la sociedad de la informaci\u00f3n para prestar el servicio de acuerdo con los par\u00e1metros del usuario final ni el mero registro por el proveedor del hecho de que el dispositivo del usuario final no puede recibir el contenido que ha solicitado.<\/div>\n<div class=\"p-rich_text_section\"><\/div>\n<div class=\"p-rich_text_section\">Cookies y GDPR\/RGPD:<br \/><i data-stringify-type=\"italic\">El considerando n\u00ba 30 del RGPD indica que las personas f\u00edsicas pueden ser asociadas con identificadores en l\u00ednea, como es el caso de las cookies. Por tanto, se requiere el consentimiento inequ\u00edvoco del usuario para el tratamiento de datos basados en la instalaci\u00f3n de cookies en su equipo terminal. Esta p\u00e1gina web ofrece la posibilidad que el usuario acepte o no expresamente el uso de cookies, antes de recabar cualquier tipo de dato personal derivado de su instalaci\u00f3n.<\/i><br \/><i data-stringify-type=\"italic\">\u00a0<\/i><br \/><i data-stringify-type=\"italic\">Recomendaciones al usuario:<\/i><br \/>En la actualidad, la mayor\u00eda de los navegadores est\u00e1n configurados por defecto para \u00abaceptar todas las\u00a0cookies\u00bb, sin embargo, en atenci\u00f3n a lo dispuesto por el Reglamento sobre la privacidad y las comunicaciones electr\u00f3nicas, denominado \u201cE-Privacy\u201d, la presente p\u00e1gina web otorga la posibilidad al usuario de que el usuario pueda manifestar la no instalaci\u00f3n de las cookies mediante el uso de los ajustes adecuados del navegador o de otra aplicaci\u00f3n. Por tanto, esta p\u00e1gina web est\u00e1 adaptado al est\u00e1ndar \u201cDo Not Track\u201d.<\/div>\n<div class=\"p-rich_text_section\">\u00bfC\u00f3mo deshabilitar las cookies en los navegadores?<br \/>El consentimiento para la instalaci\u00f3n de cookies puede ser revocado en cualquier momento por el usuario accediendo a la configurar de su navegador y elimando las cookies<br \/>Internet Explorer\u00a0(<a target=\"_blank\" class=\"c-link\" data-stringify-link=\"https:\/\/support.microsoft.com\/es-es\/help\/17442\/windows-internet-explorer-delete-manage-cookies\" delay=\"150\" data-sk=\"tooltip_parent\" href=\"https:\/\/support.microsoft.com\/es-es\/help\/17442\/windows-internet-explorer-delete-manage-cookies\" rel=\"noopener noreferrer\">https:\/\/support.microsoft.com\/es-es\/help\/17442\/windows-internet-explorer-delete-manage-cookies<\/a>)<br \/>Mozilla Firefox\u00a0(<a target=\"_blank\" class=\"c-link\" data-stringify-link=\"https:\/\/support.mozilla.org\/es\/kb\/habilitar-y-deshabilitar-cookies-sitios-web-rastrear-preferencias?redirectlocale=es&amp;redirectslug=habilitar-y-deshabilitar-cookies-que-los-sitios-we\" delay=\"150\" data-sk=\"tooltip_parent\" href=\"https:\/\/support.mozilla.org\/es\/kb\/habilitar-y-deshabilitar-cookies-sitios-web-rastrear-preferencias?redirectlocale=es&amp;redirectslug=habilitar-y-deshabilitar-cookies-que-los-sitios-we\" rel=\"noopener noreferrer\">https:\/\/support.mozilla.org\/es\/kb\/habilitar-y-deshabilitar-cookies-sitios-web-rastrear-preferencias?redirectlocale=es&amp;redirectslug=habilitar-y-deshabilitar-cookies-que-los-sitios-we<\/a>)<br \/>Google Chrome\u00a0(<a target=\"_blank\" class=\"c-link\" data-stringify-link=\"https:\/\/support.google.com\/chrome\/answer\/95647?hl=es\" delay=\"150\" data-sk=\"tooltip_parent\" href=\"https:\/\/support.google.com\/chrome\/answer\/95647?hl=es\" rel=\"noopener noreferrer\">https:\/\/support.google.com\/chrome\/answer\/95647?hl=es<\/a>)<br \/>Safari\u00a0(<a target=\"_blank\" class=\"c-link\" data-stringify-link=\"https:\/\/support.apple.com\/kb\/ph5042?locale=es_ES\" delay=\"150\" data-sk=\"tooltip_parent\" href=\"https:\/\/support.apple.com\/kb\/ph5042?locale=es_ES\" rel=\"noopener noreferrer\">https:\/\/support.apple.com\/kb\/ph5042?locale=es_ES<\/a>)<br \/>Opera\u00a0(<a target=\"_blank\" class=\"c-link\" data-stringify-link=\"http:\/\/help.opera.com\/Windows\/11.50\/es-ES\/cookies.html\" delay=\"150\" data-sk=\"tooltip_parent\" href=\"http:\/\/help.opera.com\/Windows\/11.50\/es-ES\/cookies.html\" rel=\"noopener noreferrer\">http:\/\/help.opera.com\/Windows\/11.50\/es-ES\/cookies.html<\/a>)<\/div>\n<\/div>\n<\/div>\n<\/div>\n<\/div>\n<\/div>\n<div class=\"c-message_kit__attachments\">\n<div class=\"c-message_attachment\" style=\"text-align: justify;\">\n<div class=\"c-message_attachment__border\"><\/div>\n<div class=\"c-message_attachment__body\">\n<div class=\"c-message_attachment__row\"><span class=\"c-message_attachment__author\" data-qa=\"message_attachment_author\"><span class=\"c-message_attachment__part\"><span class=\"c-message_attachment__author_name\" dir=\"auto\" data-qa=\"message_attachment_author_name\">support.microsoft.com<\/span><\/span><\/span><\/div>\n<div class=\"c-message_attachment__row\"><span class=\"c-message_attachment__title\"><a target=\"_blank\" rel=\"noreferrer noopener\" data-qa=\"message_attachment_title_link\" class=\"c-link c-message_attachment__title_link\" href=\"https:\/\/support.microsoft.com\/es-es\/help\/17442\/windows-internet-explorer-delete-manage-cookies\"><span dir=\"auto\">Eliminar y administrar cookies &#8211; Windows Help<\/span><span class=\"c-opens_in_new_tab\" data-screen-reader=\"(se abre una pesta\u00f1a nueva)\"><\/span><\/a><\/span><\/div>\n<div class=\"c-message_attachment__row\"><span class=\"c-message_attachment__text\" data-qa=\"message_attachment_text\"><span dir=\"auto\">Conoce c\u00f3mo consultar, administrar y eliminar cookies\u00a0en Internet Explorer.<\/span><\/span><\/div>\n<\/div>\n<\/div>\n<div class=\"c-message_attachment\" style=\"text-align: justify;\">\n<div class=\"c-message_attachment__border\"><\/div>\n<div class=\"c-message_attachment__body\">\n<div class=\"c-message_attachment__row\"><span class=\"c-message_attachment__author\" data-qa=\"message_attachment_author\"><span class=\"c-message_attachment__part\"><span class=\"c-message_attachment__author_name\" dir=\"auto\" data-qa=\"message_attachment_author_name\">support.mozilla.org<\/span><\/span><\/span><\/div>\n<div class=\"c-message_attachment__row\"><span class=\"c-message_attachment__title\"><a target=\"_blank\" rel=\"noreferrer noopener\" data-qa=\"message_attachment_title_link\" class=\"c-link c-message_attachment__title_link\" href=\"https:\/\/support.mozilla.org\/es\/kb\/habilitar-y-deshabilitar-cookies-sitios-web-rastrear-preferencias?redirectlocale=es&amp;redirectslug=habilitar-y-deshabilitar-cookies-que-los-sitios-we\"><span dir=\"auto\">Habilitar y deshabilitar cookies que los sitios web utilizan para rastrear tus preferencias | Ayuda de Firefox<\/span><span class=\"c-opens_in_new_tab\" data-screen-reader=\"(se abre una pesta\u00f1a nueva)\"><\/span><\/a><\/span><\/div>\n<div class=\"c-message_attachment__row\"><span class=\"c-message_attachment__text\" data-qa=\"message_attachment_text\"><span dir=\"auto\">Las p\u00e1ginas almacenan en tu equipo cosas como tus preferencias, inicios de sesi\u00f3n y rastreadores con cookies. Descubre c\u00f3mo administrar las cookies en Firefox.<\/span><\/span><\/div>\n<\/div>\n<\/div>\n<div class=\"c-message_attachment\" style=\"text-align: justify;\">\n<div class=\"c-message_attachment__border\"><\/div>\n<div class=\"c-message_attachment__body\">\n<div class=\"c-message_attachment__row\"><span class=\"c-message_attachment__author\" data-qa=\"message_attachment_author\"><span class=\"c-message_attachment__part\"><span class=\"c-message_attachment__author_name\" dir=\"auto\" data-qa=\"message_attachment_author_name\">support.google.com<\/span><\/span><\/span><\/div>\n<div class=\"c-message_attachment__row\"><span class=\"c-message_attachment__title\"><a target=\"_blank\" rel=\"noreferrer noopener\" data-qa=\"message_attachment_title_link\" class=\"c-link c-message_attachment__title_link\" href=\"https:\/\/support.google.com\/chrome\/answer\/95647?hl=es\"><span dir=\"auto\">Borrar, habilitar y administrar cookies en Chrome &#8211; Ordenador &#8211; Ayuda de Google Chrome<\/span><span class=\"c-opens_in_new_tab\" data-screen-reader=\"(se abre una pesta\u00f1a nueva)\"><\/span><\/a><\/span><\/div>\n<div class=\"c-message_attachment__row\"><span class=\"c-message_attachment__text\" data-qa=\"message_attachment_text\"><span dir=\"auto\">Dispones de diversas opciones con las cookies: decidir si las eliminas, si las permites o bloqueas todas, as\u00ed como establecer preferencias concretas para determinados sitios web. \u00bfQu\u00e9 son las cook<\/span><\/span><\/div>\n<\/div>\n<\/div>\n<div class=\"c-message_attachment\">\n<div class=\"c-message_attachment__border\" style=\"text-align: justify;\"><\/div>\n<div class=\"c-message_attachment__body\">\n<div class=\"c-message_attachment__row\" style=\"text-align: justify;\"><span class=\"c-message_attachment__author\" data-qa=\"message_attachment_author\"><span class=\"c-message_attachment__part\"><span class=\"c-message_attachment__author_name\" dir=\"auto\" data-qa=\"message_attachment_author_name\">Apple Support<\/span><\/span><\/span><\/div>\n<div class=\"c-message_attachment__row\" style=\"text-align: justify;\"><span class=\"c-message_attachment__title\"><a target=\"_blank\" rel=\"noreferrer noopener\" data-qa=\"message_attachment_title_link\" class=\"c-link c-message_attachment__title_link\" href=\"https:\/\/support.apple.com\/kb\/ph5042?locale=es_ES\"><span dir=\"auto\">Manage cookies and website data in Safari on Mac<\/span><span class=\"c-opens_in_new_tab\" data-screen-reader=\"(se abre una pesta\u00f1a nueva)\"><\/span><\/a><\/span><\/div>\n<div class=\"c-message_attachment__row\" style=\"text-align: justify;\"><span class=\"c-message_attachment__text\" data-qa=\"message_attachment_text\"><span dir=\"auto\">In Safari on your Mac, clear cookies and website data for some or all websites. Control which cookies and website data you allow.<\/span><\/span><\/div>\n<\/div>\n<\/div>\n<\/div>\n<\/div>\n<\/div>\n<\/div>\n<\/div>\n<\/div>\n<\/div>\n[\/et_pb_text][\/et_pb_column][\/et_pb_row][\/et_pb_section]\n","protected":false},"excerpt":{"rendered":"<p>POL\u00cdTICA DE COOKIES (AVANTEMEDIOS.COM) \u00bfQu\u00e9 son las cookies?Las cookies son\u00a0dispositivos de almacenamiento y recuperaci\u00f3n de datos en equipos terminales de los destinatarios, tal como se recoge en la definici\u00f3n legal contemplada en la Ley de Servicios de la Sociedad de la Informaci\u00f3n y del Comercio Electr\u00f3nico n\u00ba34\/2002, tambi\u00e9n denominada \u201cLSSI\u201d.\u00a0\u00bfQu\u00e9 tipos de cookies recaba esta [&hellip;]<\/p>\n","protected":false},"author":1,"featured_media":0,"parent":0,"menu_order":0,"comment_status":"closed","ping_status":"closed","template":"","meta":{"_et_pb_use_builder":"on","_et_pb_old_content":"","_et_gb_content_width":"","_monsterinsights_skip_tracking":false,"_monsterinsights_sitenote_active":false,"_monsterinsights_sitenote_note":"","_monsterinsights_sitenote_category":0,"footnotes":""},"class_list":["post-236311","page","type-page","status-publish","hentry"],"aioseo_notices":[],"_links":{"self":[{"href":"https:\/\/avantemedios.com\/en\/wp-json\/wp\/v2\/pages\/236311","targetHints":{"allow":["GET"]}}],"collection":[{"href":"https:\/\/avantemedios.com\/en\/wp-json\/wp\/v2\/pages"}],"about":[{"href":"https:\/\/avantemedios.com\/en\/wp-json\/wp\/v2\/types\/page"}],"author":[{"embeddable":true,"href":"https:\/\/avantemedios.com\/en\/wp-json\/wp\/v2\/users\/1"}],"replies":[{"embeddable":true,"href":"https:\/\/avantemedios.com\/en\/wp-json\/wp\/v2\/comments?post=236311"}],"version-history":[{"count":9,"href":"https:\/\/avantemedios.com\/en\/wp-json\/wp\/v2\/pages\/236311\/revisions"}],"predecessor-version":[{"id":249929,"href":"https:\/\/avantemedios.com\/en\/wp-json\/wp\/v2\/pages\/236311\/revisions\/249929"}],"wp:attachment":[{"href":"https:\/\/avantemedios.com\/en\/wp-json\/wp\/v2\/media?parent=236311"}],"curies":[{"name":"wp","href":"https:\/\/api.w.org\/{rel}","templated":true}]}}