{"id":246043,"date":"2023-12-22T10:35:27","date_gmt":"2023-12-22T09:35:27","guid":{"rendered":"https:\/\/avantemedios.com\/?page_id=246043"},"modified":"2024-07-08T08:36:06","modified_gmt":"2024-07-08T06:36:06","slug":"canal-de-denuncias","status":"publish","type":"page","link":"https:\/\/avantemedios.com\/en\/canal-de-denuncias\/","title":{"rendered":"Canal de denuncias"},"content":{"rendered":"[et_pb_section fb_built=\u00bb1&#8243; custom_padding_last_edited=\u00bbon|desktop\u00bb admin_label=\u00bbsection\u00bb _builder_version=\u00bb4.16&#8243; custom_padding=\u00bb6vw||10px||false|false\u00bb custom_padding_tablet=\u00bb15vw||||false|false\u00bb custom_padding_phone=\u00bb23vw||||false|false\u00bb global_colors_info=\u00bb{}\u00bb][et_pb_row admin_label=\u00bbrow\u00bb _builder_version=\u00bb4.16&#8243; background_size=\u00bbinitial\u00bb background_position=\u00bbtop_left\u00bb background_repeat=\u00bbrepeat\u00bb custom_margin=\u00bb18px|auto|26px|auto||\u00bb global_colors_info=\u00bb{}\u00bb][et_pb_column type=\u00bb4_4&#8243; _builder_version=\u00bb4.16&#8243; custom_padding=\u00bb|||\u00bb global_colors_info=\u00bb{}\u00bb custom_padding__hover=\u00bb|||\u00bb][et_pb_text admin_label=\u00bbText\u00bb _builder_version=\u00bb4.23.1&#8243; text_font=\u00bbbergen-mono||||||||\u00bb text_font_size=\u00bb28px\u00bb header_3_font=\u00bb|||on|||||\u00bb background_size=\u00bbinitial\u00bb background_position=\u00bbtop_left\u00bb background_repeat=\u00bbrepeat\u00bb custom_margin=\u00bb||16px|||\u00bb custom_padding=\u00bb||11px|||\u00bb global_colors_info=\u00bb{}\u00bb]\n<p><strong>BIENVENID@ A NUESTRO CANAL DE DENUNCIAS<\/strong><span><\/span><\/p>\n[\/et_pb_text][et_pb_text _builder_version=\u00bb4.23.1&#8243; _module_preset=\u00bbdefault\u00bb custom_margin=\u00bb||30px|||\u00bb global_colors_info=\u00bb{}\u00bb]\n<div class=\"row ParrafoMargen\">\n<div class=\"col-xs-12\">\n<div class=\"Default_TextBlock\" id=\"DEF0TEXT2\" data-gxformat=\"1\" style=\"text-align: justify;\">\n<p>Desde este canal de acceso p\u00fablico, te proporcionamos un sistema\u00a0<strong data-v-e7d94ddc=\"\">seguro y confidencial<\/strong> para denunciar asuntos graves de los que se tenga constancia o sospechas razonables. Las denuncias pueden ser realizadas de forma confidencial incluyendo su informaci\u00f3n de contacto, o de manera\u00a0<strong data-v-e7d94ddc=\"\">completamente an\u00f3nima<\/strong>.<\/p>\n<p data-v-e7d94ddc=\"\">Se ofrece la opci\u00f3n de informar sobre<span>\u00a0<\/span><strong data-v-e7d94ddc=\"\">asuntos graves o situaciones irregulares<\/strong>: conductas o acciones poco \u00e9ticas, ilegales o que violen las pol\u00edticas internas, cualquier tipo de abuso de poder o acoso laboral, sexual o de otra \u00edndole, trato discriminatorio, tr\u00e1fico de influencias, sospechas de fraude o corrupci\u00f3n&#8230; Los<span>\u00a0<\/span><strong data-v-e7d94ddc=\"\">asuntos relacionados con Recursos Humanos<\/strong><span>\u00a0<\/span>no deben reportarse a trav\u00e9s de este canal, sino que deben gestionarse directamente con su responsable, manager a cargo o el departamento de Recursos Humanos.<\/p>\n<p data-v-e7d94ddc=\"\">A trav\u00e9s de este portal es posible crear una nueva denuncia o hacer seguimiento de una ya existente. El<span>\u00a0<\/span><strong data-v-e7d94ddc=\"\">seguimiento de una denuncia<\/strong><span>\u00a0<\/span>es importante para verificar el estado de la misma, proporcionar informaci\u00f3n adicional o para cumplir con las solicitudes de los administradores del sistema con el fin de resolver el problema o llevar a cabo las acciones apropiadas.<\/p>\n<\/div>\n<\/div>\n<\/div>\n[\/et_pb_text][et_pb_button button_url=\u00bbhttps:\/\/zfrmz.eu\/0XWVZvlGPkb0qnpVfUtp\u00bb button_text=\u00bbFormalizar denuncia\u00bb button_alignment=\u00bbcenter\u00bb _builder_version=\u00bb4.24.0&#8243; _module_preset=\u00bbdefault\u00bb custom_button=\u00bbon\u00bb button_text_color=\u00bb#FFFFFF\u00bb button_bg_color=\u00bb#b2292e\u00bb button_border_width=\u00bb0px\u00bb button_border_radius=\u00bb0px\u00bb button_icon=\u00bb&#x3d;||divi||400&#8243; background_layout=\u00bbdark\u00bb hover_enabled=\u00bb0&#8243; global_colors_info=\u00bb{}\u00bb sticky_enabled=\u00bb0&#8243;][\/et_pb_button][\/et_pb_column][\/et_pb_row][\/et_pb_section]\n","protected":false},"excerpt":{"rendered":"<p>BIENVENID@ A NUESTRO CANAL DE DENUNCIAS Desde este canal de acceso p\u00fablico, te proporcionamos un sistema\u00a0seguro y confidencial para denunciar asuntos graves de los que se tenga constancia o sospechas razonables. Las denuncias pueden ser realizadas de forma confidencial incluyendo su informaci\u00f3n de contacto, o de manera\u00a0completamente an\u00f3nima. Se ofrece la opci\u00f3n de informar sobre\u00a0asuntos [&hellip;]<\/p>\n","protected":false},"author":5,"featured_media":0,"parent":0,"menu_order":0,"comment_status":"closed","ping_status":"closed","template":"","meta":{"_et_pb_use_builder":"on","_et_pb_old_content":"<!-- wp:heading --><h2>Qui\u00e9nes somos<\/h2><!-- \/wp:heading --><!-- wp:paragraph --><p>La direcci\u00f3n de nuestra web es: https:\/\/avantemedios.com.<\/p><!-- \/wp:paragraph --><!-- wp:heading --><h2>Qu\u00e9 datos personales recogemos y por qu\u00e9 los recogemos<\/h2><!-- \/wp:heading --><!-- wp:heading {\"level\":3} --><h3>Comentarios<\/h3><!-- \/wp:heading --><!-- wp:paragraph --><p>Cuando los visitantes dejan comentarios en la web, recopilamos los datos que se muestran en el formulario de comentarios, as\u00ed como la direcci\u00f3n IP del visitante y la cadena de agentes de usuario del navegador para ayudar a la detecci\u00f3n de spam.<\/p><!-- \/wp:paragraph --><!-- wp:paragraph --><p>Una cadena an\u00f3nima creada a partir de tu direcci\u00f3n de correo electr\u00f3nico (tambi\u00e9n llamada hash) puede ser proporcionada al servicio de Gravatar para ver si la est\u00e1s usando. La pol\u00edtica de privacidad del servicio Gravatar est\u00e1 disponible aqu\u00ed: https:\/\/automattic.com\/privacy\/. Despu\u00e9s de la aprobaci\u00f3n de tu comentario, la imagen de tu perfil es visible para el p\u00fablico en el contexto de su comentario.<\/p><!-- \/wp:paragraph --><!-- wp:heading {\"level\":3} --><h3>Medios<\/h3><!-- \/wp:heading --><!-- wp:paragraph --><p>Si subes im\u00e1genes a la web deber\u00edas evitar subir im\u00e1genes con datos de ubicaci\u00f3n (GPS EXIF) incluidos. Los visitantes de la web pueden descargar y extraer cualquier dato de localizaci\u00f3n de las im\u00e1genes de la web.<\/p><!-- \/wp:paragraph --><!-- wp:heading {\"level\":3} --><h3>Formularios de contacto<\/h3><!-- \/wp:heading --><!-- wp:heading {\"level\":3} --><h3>Cookies<\/h3><!-- \/wp:heading --><!-- wp:paragraph --><p>Si dejas un comentario en nuestro sitio puedes elegir guardar tu nombre, direcci\u00f3n de correo electr\u00f3nico y web en cookies. Esto es para tu comodidad, para que no tengas que volver a rellenar tus datos cuando dejes otro comentario. Estas cookies tendr\u00e1n una duraci\u00f3n de un a\u00f1o.<\/p><!-- \/wp:paragraph --><!-- wp:paragraph --><p>Si tienes una cuenta y te conectas a este sitio, instalaremos una cookie temporal para determinar si tu navegador acepta cookies. Esta cookie no contiene datos personales y se elimina al cerrar el navegador.<\/p><!-- \/wp:paragraph --><!-- wp:paragraph --><p>Cuando inicias sesi\u00f3n, tambi\u00e9n instalaremos varias cookies para guardar tu informaci\u00f3n de inicio de sesi\u00f3n y tus opciones de visualizaci\u00f3n de pantalla. Las cookies de inicio de sesi\u00f3n duran dos d\u00edas, y las cookies de opciones de pantalla duran un a\u00f1o. Si seleccionas &quot;Recordarme&quot;, tu inicio de sesi\u00f3n perdurar\u00e1 durante dos semanas. Si sales de tu cuenta, las cookies de inicio de sesi\u00f3n se eliminar\u00e1n.<\/p><!-- \/wp:paragraph --><!-- wp:paragraph --><p>Si editas o publicas un art\u00edculo se guardar\u00e1 una cookie adicional en tu navegador. Esta cookie no incluye datos personales y simplemente indica el ID del art\u00edculo que acabas de editar. Caduca despu\u00e9s de 1 d\u00eda.<\/p><!-- \/wp:paragraph --><!-- wp:heading {\"level\":3} --><h3>Contenido incrustado de otros sitios web<\/h3><!-- \/wp:heading --><!-- wp:paragraph --><p>Los art\u00edculos de este sitio pueden incluir contenido incrustado (por ejemplo, v\u00eddeos, im\u00e1genes, art\u00edculos, etc.). El contenido incrustado de otras web se comporta exactamente de la misma manera que si el visitante hubiera visitado la otra web.<\/p><!-- \/wp:paragraph --><!-- wp:paragraph --><p>Estas web pueden recopilar datos sobre ti, utilizar cookies, incrustar un seguimiento adicional de terceros, y supervisar tu interacci\u00f3n con ese contenido incrustado, incluido el seguimiento de tu interacci\u00f3n con el contenido incrustado si tienes una cuenta y est\u00e1s conectado a esa web.<\/p><!-- \/wp:paragraph --><!-- wp:heading {\"level\":3} --><h3>Anal\u00edtica<\/h3><!-- \/wp:heading --><!-- wp:heading --><h2>Con qui\u00e9n compartimos tus datos<\/h2><!-- \/wp:heading --><!-- wp:heading --><h2>Cu\u00e1nto tiempo conservamos tus datos<\/h2><!-- \/wp:heading --><!-- wp:paragraph --><p>Si dejas un comentario, el comentario y sus metadatos se conservan indefinidamente. Esto es para que podamos reconocer y aprobar comentarios sucesivos autom\u00e1ticamente en lugar de mantenerlos en una cola de moderaci\u00f3n.<\/p><!-- \/wp:paragraph --><!-- wp:paragraph --><p>De los usuarios que se registran en nuestra web (si los hay), tambi\u00e9n almacenamos la informaci\u00f3n personal que proporcionan en su perfil de usuario. Todos los usuarios pueden ver, editar o eliminar su informaci\u00f3n personal en cualquier momento (excepto que no pueden cambiar su nombre de usuario). Los administradores de la web tambi\u00e9n pueden ver y editar esa informaci\u00f3n.<\/p><!-- \/wp:paragraph --><!-- wp:heading --><h2>Qu\u00e9 derechos tienes sobre tus datos<\/h2><!-- \/wp:heading --><!-- wp:paragraph --><p>Si tienes una cuenta o has dejado comentarios en esta web, puedes solicitar recibir un archivo de exportaci\u00f3n de los datos personales que tenemos sobre ti, incluyendo cualquier dato que nos hayas proporcionado. Tambi\u00e9n puedes solicitar que eliminemos cualquier dato personal que tengamos sobre ti. Esto no incluye ning\u00fan dato que estemos obligados a conservar con fines administrativos, legales o de seguridad.<\/p><!-- \/wp:paragraph --><!-- wp:heading --><h2>D\u00f3nde enviamos tus datos<\/h2><!-- \/wp:heading --><!-- wp:paragraph --><p>Los comentarios de los visitantes puede que los revise un servicio de detecci\u00f3n autom\u00e1tica de spam.<\/p><!-- \/wp:paragraph --><!-- wp:heading --><h2>Tu informaci\u00f3n de contacto<\/h2><!-- \/wp:heading --><!-- wp:heading --><h2>Informaci\u00f3n adicional<\/h2><!-- \/wp:heading --><!-- wp:heading {\"level\":3} --><h3>C\u00f3mo protegemos tus datos<\/h3><!-- \/wp:heading --><!-- wp:heading {\"level\":3} --><h3>Qu\u00e9 procedimientos utilizamos contra las brechas de datos<\/h3><!-- \/wp:heading --><!-- wp:heading {\"level\":3} --><h3>De qu\u00e9 terceros recibimos datos<\/h3><!-- \/wp:heading --><!-- wp:heading {\"level\":3} --><h3>Qu\u00e9 tipo de toma de decisiones automatizada y\/o perfilado hacemos con los datos del usuario<\/h3><!-- \/wp:heading --><!-- wp:heading {\"level\":3} --><h3>Requerimientos regulatorios de revelaci\u00f3n de informaci\u00f3n del sector<\/h3><!-- \/wp:heading -->","_et_gb_content_width":"","_monsterinsights_skip_tracking":false,"_monsterinsights_sitenote_active":false,"_monsterinsights_sitenote_note":"","_monsterinsights_sitenote_category":0,"footnotes":""},"class_list":["post-246043","page","type-page","status-publish","hentry"],"aioseo_notices":[],"_links":{"self":[{"href":"https:\/\/avantemedios.com\/en\/wp-json\/wp\/v2\/pages\/246043","targetHints":{"allow":["GET"]}}],"collection":[{"href":"https:\/\/avantemedios.com\/en\/wp-json\/wp\/v2\/pages"}],"about":[{"href":"https:\/\/avantemedios.com\/en\/wp-json\/wp\/v2\/types\/page"}],"author":[{"embeddable":true,"href":"https:\/\/avantemedios.com\/en\/wp-json\/wp\/v2\/users\/5"}],"replies":[{"embeddable":true,"href":"https:\/\/avantemedios.com\/en\/wp-json\/wp\/v2\/comments?post=246043"}],"version-history":[{"count":6,"href":"https:\/\/avantemedios.com\/en\/wp-json\/wp\/v2\/pages\/246043\/revisions"}],"predecessor-version":[{"id":247214,"href":"https:\/\/avantemedios.com\/en\/wp-json\/wp\/v2\/pages\/246043\/revisions\/247214"}],"wp:attachment":[{"href":"https:\/\/avantemedios.com\/en\/wp-json\/wp\/v2\/media?parent=246043"}],"curies":[{"name":"wp","href":"https:\/\/api.w.org\/{rel}","templated":true}]}}