{"id":243876,"date":"2023-01-25T17:37:14","date_gmt":"2023-01-25T16:37:14","guid":{"rendered":"https:\/\/avantemedios.com\/?page_id=243876"},"modified":"2025-10-22T10:32:17","modified_gmt":"2025-10-22T08:32:17","slug":"hacemos","status":"publish","type":"page","link":"https:\/\/avantemedios.com\/gal\/hacemos\/","title":{"rendered":"FACEMOS"},"content":{"rendered":"[et_pb_section fb_built=\u00bb1&#8243; custom_padding_last_edited=\u00bbon|phone\u00bb disabled_on=\u00bbon|on|on\u00bb _builder_version=\u00bb4.16&#8243; _module_preset=\u00bbdefault\u00bb background_image=\u00bbhttps:\/\/avantemedios.com\/wp-content\/uploads\/2023\/01\/HACEMOS-PORTADA-WEB.jpg\u00bb width=\u00bb100%\u00bb width_tablet=\u00bb\u00bb width_phone=\u00bb\u00bb width_last_edited=\u00bbon|phone\u00bb min_height=\u00bb721px\u00bb min_height_tablet=\u00bb\u00bb min_height_phone=\u00bb\u00bb min_height_last_edited=\u00bbon|phone\u00bb height=\u00bb185px\u00bb max_height=\u00bb1000px\u00bb custom_margin_tablet=\u00bb\u00bb custom_margin_phone=\u00bb50px||||false|false\u00bb custom_margin_last_edited=\u00bbon|phone\u00bb custom_padding=\u00bb49px||40px||false|false\u00bb custom_padding_tablet=\u00bb\u00bb custom_padding_phone=\u00bb0px||0px||false|false\u00bb background_last_edited=\u00bbon|phone\u00bb background_size_phone=\u00bbcover\u00bb background_position_phone=\u00bbcenter\u00bb da_disable_devices=\u00bboff|off|off\u00bb disabled=\u00bbon\u00bb global_colors_info=\u00bb{}\u00bb da_is_popup=\u00bboff\u00bb da_exit_intent=\u00bboff\u00bb da_has_close=\u00bbon\u00bb da_alt_close=\u00bboff\u00bb da_dark_close=\u00bboff\u00bb da_not_modal=\u00bbon\u00bb da_is_singular=\u00bboff\u00bb da_with_loader=\u00bboff\u00bb da_has_shadow=\u00bbon\u00bb][\/et_pb_section][et_pb_section fb_built=\u00bb1&#8243; fullwidth=\u00bbon\u00bb _builder_version=\u00bb4.16&#8243; _module_preset=\u00bbdefault\u00bb da_disable_devices=\u00bboff|off|off\u00bb global_colors_info=\u00bb{}\u00bb da_is_popup=\u00bboff\u00bb da_exit_intent=\u00bboff\u00bb da_has_close=\u00bbon\u00bb da_alt_close=\u00bboff\u00bb da_dark_close=\u00bboff\u00bb da_not_modal=\u00bbon\u00bb da_is_singular=\u00bboff\u00bb da_with_loader=\u00bboff\u00bb da_has_shadow=\u00bbon\u00bb][et_pb_fullwidth_image src=\u00bbhttps:\/\/avantemedios.com\/wp-content\/uploads\/2025\/08\/AVANTE_-HACEMOS.jpg\u00bb alt=\u00bbAVANTE_HACEMOS\u00bb title_text=\u00bbfotos cabecera web &#8211; 4&#8243; _builder_version=\u00bb4.24.0&#8243; _module_preset=\u00bbdefault\u00bb custom_padding=\u00bb79px|||||\u00bb global_colors_info=\u00bb{}\u00bb][\/et_pb_fullwidth_image][\/et_pb_section][et_pb_section fb_built=\u00bb1&#8243; custom_padding_last_edited=\u00bbon|phone\u00bb _builder_version=\u00bb4.16&#8243; _module_preset=\u00bbdefault\u00bb custom_padding=\u00bb19px||15px|||\u00bb custom_padding_tablet=\u00bb\u00bb custom_padding_phone=\u00bb10px||10px||false|false\u00bb da_disable_devices=\u00bboff|off|off\u00bb global_colors_info=\u00bb{}\u00bb da_is_popup=\u00bboff\u00bb da_exit_intent=\u00bboff\u00bb da_has_close=\u00bbon\u00bb da_alt_close=\u00bboff\u00bb da_dark_close=\u00bboff\u00bb da_not_modal=\u00bbon\u00bb da_is_singular=\u00bboff\u00bb da_with_loader=\u00bboff\u00bb da_has_shadow=\u00bbon\u00bb][et_pb_row custom_padding_last_edited=\u00bbon|phone\u00bb _builder_version=\u00bb4.16&#8243; _module_preset=\u00bbdefault\u00bb custom_margin=\u00bb-12px|auto||auto||\u00bb custom_margin_tablet=\u00bb\u00bb custom_margin_phone=\u00bb\u00bb custom_margin_last_edited=\u00bbon|phone\u00bb custom_padding=\u00bb32px||7px|||\u00bb custom_padding_tablet=\u00bb\u00bb custom_padding_phone=\u00bb30px||0px||false|false\u00bb global_colors_info=\u00bb{}\u00bb][et_pb_column type=\u00bb4_4&#8243; _builder_version=\u00bb4.16&#8243; _module_preset=\u00bbdefault\u00bb global_colors_info=\u00bb{}\u00bb][et_pb_text _builder_version=\u00bb4.16&#8243; _module_preset=\u00bbdefault\u00bb text_font=\u00bbbergen-mono|700|||||||\u00bb text_text_color=\u00bb#303030&#8243; text_font_size=\u00bb40px\u00bb text_line_height=\u00bb1em\u00bb custom_margin=\u00bb||4px|||\u00bb text_font_size_tablet=\u00bb41px\u00bb text_font_size_phone=\u00bb35px\u00bb text_font_size_last_edited=\u00bbon|phone\u00bb global_colors_info=\u00bb{}\u00bb]\n<p>SERVICIOS ADAPTADOS<\/p>\n[\/et_pb_text][et_pb_text _builder_version=\u00bb4.24.0&#8243; _module_preset=\u00bbdefault\u00bb text_font=\u00bbbergen-mono|700|||||||\u00bb text_text_color=\u00bb#D61317&#8243; text_font_size=\u00bb40px\u00bb text_line_height=\u00bb1em\u00bb text_font_size_tablet=\u00bb41px\u00bb text_font_size_phone=\u00bb35px\u00bb text_font_size_last_edited=\u00bbon|phone\u00bb global_colors_info=\u00bb{}\u00bb]\n<p>A TUS NECESIDADES<\/p>\n[\/et_pb_text][et_pb_text _builder_version=\u00bb4.24.0&#8243; _module_preset=\u00bbdefault\u00bb text_font=\u00bbMontserrat||||||||\u00bb hover_enabled=\u00bb0&#8243; text_font_size_tablet=\u00bb15px\u00bb text_font_size_phone=\u00bb15px\u00bb text_font_size_last_edited=\u00bbon|phone\u00bb global_colors_info=\u00bb{}\u00bb sticky_enabled=\u00bb0&#8243;]\n<p style=\"text-align: justify;\"><strong>Nuestra misi\u00f3n es ayudar a los anunciantes a cumplir con sus objetivos de negocio a trav\u00e9s de la comunicaci\u00f3n.<\/strong><\/p>\n<p style=\"text-align: justify;\">En AVANTE, analizamos, planificamos y ejecutamos tus\u00a0<strong>campa\u00f1as 360\u00ba<\/strong>\u00a0de la manera m\u00e1s eficaz y rentable posible utilizando todas las herramientas disponibles en el mercado.<\/p>\n<p style=\"text-align: justify;\">El proceso de ventas actual es como un\u00a0<strong>carrusel<\/strong>\u00a0en el que tenemos que enamorar al usuario para que se suba en la fase que mejor le convenga y ya no se baje. Por ello, la combinaci\u00f3n entre\u00a0<strong>Tecnolog\u00eda, Innovaci\u00f3n y Experiencia<\/strong>\u00a0del equipo, dirigiendo el proceso y activando libremente y en tiempo real todas las palancas necesarias, es nuestra f\u00f3rmula para conectar de manera efectiva con las audiencias.<\/p>\n<p style=\"text-align: justify;\">Las posibilidades son infinitas, continuamente tenemos al alcance de nuestra mano nuevas soluciones que ejecutamos creativamente para mejorar tus planes y estrategias.<\/p>\n[\/et_pb_text][\/et_pb_column][\/et_pb_row][et_pb_row _builder_version=\u00bb4.24.0&#8243; _module_preset=\u00bbdefault\u00bb custom_padding=\u00bb12px||8px|||\u00bb global_colors_info=\u00bb{}\u00bb][et_pb_column type=\u00bb4_4&#8243; _builder_version=\u00bb4.24.0&#8243; _module_preset=\u00bbdefault\u00bb global_colors_info=\u00bb{}\u00bb][et_pb_image src=\u00bbhttps:\/\/avantemedios.com\/wp-content\/uploads\/2025\/08\/Cartera-de-servicios_AVANTE.jpg\u00bb alt=\u00bbCasrtera de Servicios_AVANTE\u00bb title_text=\u00bbCartera de servicios_AVANTE\u00bb _builder_version=\u00bb4.24.0&#8243; _module_preset=\u00bbdefault\u00bb global_colors_info=\u00bb{}\u00bb][\/et_pb_image][\/et_pb_column][\/et_pb_row][\/et_pb_section][et_pb_section fb_built=\u00bb1&#8243; _builder_version=\u00bb4.16&#8243; _module_preset=\u00bbdefault\u00bb custom_padding=\u00bb23px||18px|||\u00bb da_disable_devices=\u00bboff|off|off\u00bb global_colors_info=\u00bb{}\u00bb da_is_popup=\u00bboff\u00bb da_exit_intent=\u00bboff\u00bb da_has_close=\u00bbon\u00bb da_alt_close=\u00bboff\u00bb da_dark_close=\u00bboff\u00bb da_not_modal=\u00bbon\u00bb da_is_singular=\u00bboff\u00bb da_with_loader=\u00bboff\u00bb da_has_shadow=\u00bbon\u00bb][et_pb_row column_structure=\u00bb1_3,1_3,1_3&#8243; custom_padding_last_edited=\u00bbon|phone\u00bb disabled_on=\u00bbon|on|on\u00bb _builder_version=\u00bb4.16&#8243; _module_preset=\u00bbdefault\u00bb custom_padding=\u00bb26px||19px|||\u00bb custom_padding_tablet=\u00bb\u00bb custom_padding_phone=\u00bb20px||0px||false|false\u00bb disabled=\u00bbon\u00bb global_colors_info=\u00bb{}\u00bb][et_pb_column type=\u00bb1_3&#8243; _builder_version=\u00bb4.16&#8243; _module_preset=\u00bbdefault\u00bb background_image=\u00bbhttps:\/\/avantemedios.com\/wp-content\/uploads\/2023\/01\/Pruebas-contenedores-05.jpg\u00bb custom_padding=\u00bb200px||10px||false|false\u00bb global_colors_info=\u00bb{}\u00bb][et_pb_text _builder_version=\u00bb4.24.0&#8243; _module_preset=\u00bbdefault\u00bb text_font=\u00bbbergen-mono|700|||||||\u00bb text_text_color=\u00bb#FFFFFF\u00bb text_font_size=\u00bb30px\u00bb text_line_height=\u00bb1em\u00bb min_height=\u00bb91px\u00bb custom_margin=\u00bb-134px||23px||false|false\u00bb custom_padding=\u00bb0px||220px|35px|false|false\u00bb global_colors_info=\u00bb{}\u00bb]\n<p><strong>ESTRATEGIA<\/strong><\/p>\n[\/et_pb_text][\/et_pb_column][et_pb_column type=\u00bb1_3&#8243; _builder_version=\u00bb4.16&#8243; _module_preset=\u00bbdefault\u00bb background_image=\u00bbhttps:\/\/avantemedios.com\/wp-content\/uploads\/2023\/01\/Pruebas-contenedores-06.jpg\u00bb custom_padding=\u00bb200px||10px||false|false\u00bb global_colors_info=\u00bb{}\u00bb][et_pb_text _builder_version=\u00bb4.24.0&#8243; _module_preset=\u00bbdefault\u00bb text_font=\u00bbbergen-mono|700|||||||\u00bb text_text_color=\u00bb#FFFFFF\u00bb text_font_size=\u00bb30px\u00bb text_line_height=\u00bb1em\u00bb custom_margin=\u00bb55px||43px||false|false\u00bb custom_padding=\u00bb0px||13px|35px|false|false\u00bb global_colors_info=\u00bb{}\u00bb]\n<p style=\"text-align: left;\">PLANIFICACI\u00d3N<\/p>\n[\/et_pb_text][\/et_pb_column][et_pb_column type=\u00bb1_3&#8243; _builder_version=\u00bb4.16&#8243; _module_preset=\u00bbdefault\u00bb background_image=\u00bbhttps:\/\/avantemedios.com\/wp-content\/uploads\/2023\/01\/Pruebas-contenedores-07.jpg\u00bb custom_padding=\u00bb200px||10px||false|false\u00bb global_colors_info=\u00bb{}\u00bb][et_pb_text _builder_version=\u00bb4.24.0&#8243; _module_preset=\u00bbdefault\u00bb text_font=\u00bbbergen-mono|700|||||||\u00bb text_text_color=\u00bb#FFFFFF\u00bb text_font_size=\u00bb30px\u00bb text_line_height=\u00bb1em\u00bb custom_margin=\u00bb-138px||88px||false|false\u00bb custom_padding=\u00bb0px||161px|35px|false|false\u00bb global_colors_info=\u00bb{}\u00bb]\n<p>RESULTADOS<\/p>\n[\/et_pb_text][\/et_pb_column][\/et_pb_row][et_pb_row column_structure=\u00bb1_3,1_3,1_3&#8243; custom_padding_last_edited=\u00bbon|phone\u00bb disabled_on=\u00bbon|on|on\u00bb _builder_version=\u00bb4.16&#8243; _module_preset=\u00bbdefault\u00bb custom_padding=\u00bb26px||19px|||\u00bb custom_padding_tablet=\u00bb\u00bb custom_padding_phone=\u00bb20px||0px||false|false\u00bb disabled=\u00bbon\u00bb global_colors_info=\u00bb{}\u00bb][et_pb_column type=\u00bb1_3&#8243; _builder_version=\u00bb4.16&#8243; _module_preset=\u00bbdefault\u00bb background_image=\u00bbhttps:\/\/avantemedios.com\/wp-content\/uploads\/2023\/01\/Pruebas-contenedores-05.jpg\u00bb custom_padding=\u00bb200px||10px||false|false\u00bb global_colors_info=\u00bb{}\u00bb][et_pb_text _builder_version=\u00bb4.24.0&#8243; _module_preset=\u00bbdefault\u00bb text_font=\u00bbbergen-mono|700|||||||\u00bb text_text_color=\u00bb#FFFFFF\u00bb text_font_size=\u00bb25px\u00bb text_line_height=\u00bb1em\u00bb min_height=\u00bb81px\u00bb custom_margin=\u00bb-179px||23px|4px|false|false\u00bb custom_padding=\u00bb0px||228px|15px|false|false\u00bb global_colors_info=\u00bb{}\u00bb]\n<p><strong>ESTRATEGIA<\/strong><\/p>\n[\/et_pb_text][et_pb_text ul_type=\u00bbsquare\u00bb _builder_version=\u00bb4.24.0&#8243; _module_preset=\u00bbdefault\u00bb text_font=\u00bbMontserrat||||||||\u00bb text_text_color=\u00bb#FFFFFF\u00bb text_font_size=\u00bb12px\u00bb text_line_height=\u00bb1em\u00bb ul_text_color=\u00bb#FFFFFF\u00bb ul_font_size=\u00bb12px\u00bb width=\u00bb98.9%\u00bb min_height=\u00bb118px\u00bb custom_margin=\u00bb-234px||67px||false|false\u00bb custom_padding=\u00bb0px||266px|19px|false|false\u00bb global_colors_info=\u00bb{}\u00bb]\n<p style=\"text-align: left;\"><strong>PROPUESTAS BASADAS EN DATOS<\/strong><\/p>\n<p style=\"text-align: left;\"><strong><\/strong><\/p>\n<ul>\n<li style=\"text-align: left;\">Consultor\u00eda: medios, mercado, consumidor\u2026<\/li>\n<li style=\"text-align: left;\">An\u00e1lisis y estudios AD HOC<\/li>\n<li style=\"text-align: left;\">Aprovechamiento de la DATA<\/li>\n<li style=\"text-align: left;\">Insights sobre Marketing y Negocio<\/li>\n<li style=\"text-align: left;\">Categorizaci\u00f3n del comprador<\/li>\n<li style=\"text-align: left;\">An\u00e1lisis del consumo de medios y definici\u00f3n de touchpoints<\/li>\n<\/ul>\n[\/et_pb_text][\/et_pb_column][et_pb_column type=\u00bb1_3&#8243; _builder_version=\u00bb4.16&#8243; _module_preset=\u00bbdefault\u00bb background_image=\u00bbhttps:\/\/avantemedios.com\/wp-content\/uploads\/2023\/01\/Pruebas-contenedores-06.jpg\u00bb custom_padding=\u00bb200px||10px||false|false\u00bb global_colors_info=\u00bb{}\u00bb][et_pb_text _builder_version=\u00bb4.24.0&#8243; _module_preset=\u00bbdefault\u00bb text_font=\u00bbbergen-mono|700|||||||\u00bb text_text_color=\u00bb#FFFFFF\u00bb text_font_size=\u00bb25px\u00bb text_line_height=\u00bb1em\u00bb min_height=\u00bb90px\u00bb custom_margin=\u00bb44px||-64px||false|false\u00bb custom_padding=\u00bb101px||3px|17px|false|false\u00bb global_colors_info=\u00bb{}\u00bb]\n<p style=\"text-align: left;\">PLANIFICACI\u00d3N<\/p>\n[\/et_pb_text][et_pb_text ul_type=\u00bbsquare\u00bb _builder_version=\u00bb4.24.0&#8243; _module_preset=\u00bbdefault\u00bb text_font=\u00bbMontserrat||||||||\u00bb text_text_color=\u00bb#FFFFFF\u00bb text_font_size=\u00bb12px\u00bb text_line_height=\u00bb1em\u00bb ul_text_color=\u00bb#FFFFFF\u00bb ul_font_size=\u00bb12px\u00bb min_height=\u00bb287px\u00bb custom_margin=\u00bb52px|8px|-65px||false|false\u00bb custom_padding=\u00bb20px||56px|17px|false|false\u00bb global_colors_info=\u00bb{}\u00bb]\n<p style=\"text-align: left;\"><strong>CAMPA\u00d1AS DE MEDIOS<\/strong><\/p>\n<p style=\"text-align: left;\"><strong><\/strong><\/p>\n<ul>\n<li style=\"text-align: left;\">En todos los medios: TV y V\u00eddeo 360\u00ba, Radio y Audio 360\u00ba, Impresos, Cine, Exterior y DOHH&#8230;<\/li>\n<li>Para todo tipo de objetivos: Branding\/Performance<\/li>\n<li>Orientadas a cualquier target: B2C\/B2B<\/li>\n<li>Sea cu\u00e1l sea el \u00e1mbito geogr\u00e1fico: Local\/Regional\/Nacional\/Internacional<\/li>\n<li>Segmentadas &#8211; Geolocalizadas<\/li>\n<\/ul>\n[\/et_pb_text][\/et_pb_column][et_pb_column type=\u00bb1_3&#8243; _builder_version=\u00bb4.16&#8243; _module_preset=\u00bbdefault\u00bb background_image=\u00bbhttps:\/\/avantemedios.com\/wp-content\/uploads\/2023\/01\/Pruebas-contenedores-07.jpg\u00bb custom_padding=\u00bb200px||10px||false|false\u00bb global_colors_info=\u00bb{}\u00bb][et_pb_text _builder_version=\u00bb4.24.0&#8243; _module_preset=\u00bbdefault\u00bb text_font=\u00bbbergen-mono|700|||||||\u00bb text_text_color=\u00bb#FFFFFF\u00bb text_font_size=\u00bb25px\u00bb text_line_height=\u00bb1em\u00bb custom_margin=\u00bb-187px||88px||false|false\u00bb custom_padding=\u00bb6px||128px|22px|false|false\u00bb global_colors_info=\u00bb{}\u00bb]\n<p>RESULTADOS<\/p>\n[\/et_pb_text][et_pb_text ul_type=\u00bbsquare\u00bb _builder_version=\u00bb4.24.0&#8243; _module_preset=\u00bbdefault\u00bb text_font=\u00bbMontserrat||||||||\u00bb text_text_color=\u00bb#FFFFFF\u00bb text_font_size=\u00bb12px\u00bb text_line_height=\u00bb1em\u00bb ul_text_color=\u00bb#FFFFFF\u00bb custom_margin=\u00bb-187px||88px||false|false\u00bb custom_padding=\u00bb0px||315px|26px|false|false\u00bb global_colors_info=\u00bb{}\u00bb]\n<p><strong>MEDICI\u00d3N Y APOYO TECNOL\u00d3GICO<\/strong><\/p>\n<p><strong><\/strong><\/p>\n<ul>\n<li>Gobernanza de datos<\/li>\n<li>Integraci\u00f3n plataformas AdTech y MarTech<\/li>\n<li>Medici\u00f3n y atribuci\u00f3n: online y offline<\/li>\n<li>Dashboarding<\/li>\n<\/ul>\n[\/et_pb_text][\/et_pb_column][\/et_pb_row][\/et_pb_section][et_pb_section fb_built=\u00bb1&#8243; fullwidth=\u00bbon\u00bb disabled_on=\u00bbon|off|off\u00bb _builder_version=\u00bb4.16&#8243; _module_preset=\u00bbdefault\u00bb da_disable_devices=\u00bboff|off|off\u00bb global_colors_info=\u00bb{}\u00bb da_is_popup=\u00bboff\u00bb da_exit_intent=\u00bboff\u00bb da_has_close=\u00bbon\u00bb da_alt_close=\u00bboff\u00bb da_dark_close=\u00bboff\u00bb da_not_modal=\u00bbon\u00bb da_is_singular=\u00bboff\u00bb da_with_loader=\u00bboff\u00bb da_has_shadow=\u00bbon\u00bb][et_pb_fullwidth_slider use_bg_overlay=\u00bboff\u00bb arrows_custom_color=\u00bb#D61317&#8243; dot_nav_custom_color=\u00bb#D61317&#8243; disabled_on=\u00bbon|off|off\u00bb _builder_version=\u00bb4.24.0&#8243; _module_preset=\u00bbdefault\u00bb background_color=\u00bb#ffffff\u00bb background_image=\u00bbhttps:\/\/avantemedios.com\/wp-content\/uploads\/2025\/03\/Herramientas-medios_AVANTE_1.1-scaled.jpg\u00bb custom_margin=\u00bb-4px||35px|||\u00bb custom_padding=\u00bb1px||214px|||\u00bb animation_style=\u00bbfade\u00bb animation_direction=\u00bbright\u00bb animation_duration=\u00bb800ms\u00bb auto=\u00bbon\u00bb global_colors_info=\u00bb{}\u00bb][et_pb_slide button_link=\u00bbhttps:\/\/insights.gfk.es\/sello-gfk-dam?utm_referrer=https%3A%2F%2Fwww.gfk.com%2Fes%2Fproducts%2Fgfk-digital-audience-measurement\u00bb url_new_window=\u00bbon\u00bb _builder_version=\u00bb4.24.0&#8243; _module_preset=\u00bbdefault\u00bb background_color=\u00bbRGBA(255,255,255,0)\u00bb background_enable_color=\u00bbon\u00bb background_image=\u00bbhttps:\/\/avantemedios.com\/wp-content\/uploads\/2025\/03\/Herramientas-medios_AVANTE_1.1-scaled.jpg\u00bb background_enable_image=\u00bbon\u00bb global_colors_info=\u00bb{}\u00bb sticky_transition=\u00bbon\u00bb][\/et_pb_slide][et_pb_slide button_link=\u00bbhttps:\/\/www.aimc.es\/aimc\/asociados\/agencias-de-medios\/\u00bb url_new_window=\u00bbon\u00bb _builder_version=\u00bb4.24.0&#8243; _module_preset=\u00bbdefault\u00bb background_enable_color=\u00bboff\u00bb background_image=\u00bbhttps:\/\/avantemedios.com\/wp-content\/uploads\/2024\/09\/Herramientas-medios_AVANTE_2-1-scaled.jpg\u00bb background_enable_image=\u00bbon\u00bb global_colors_info=\u00bb{}\u00bb sticky_transition=\u00bbon\u00bb][\/et_pb_slide][et_pb_slide _builder_version=\u00bb4.24.0&#8243; _module_preset=\u00bbdefault\u00bb background_enable_color=\u00bboff\u00bb background_image=\u00bbhttps:\/\/avantemedios.com\/wp-content\/uploads\/2024\/09\/Herramientas-medios_AVANTE_3-1-scaled.jpg\u00bb background_enable_image=\u00bbon\u00bb global_colors_info=\u00bb{}\u00bb sticky_transition=\u00bbon\u00bb][\/et_pb_slide][\/et_pb_fullwidth_slider][\/et_pb_section][et_pb_section fb_built=\u00bb1&#8243; fullwidth=\u00bbon\u00bb custom_padding_last_edited=\u00bbon|phone\u00bb disabled_on=\u00bboff|on|on\u00bb _builder_version=\u00bb4.16&#8243; _module_preset=\u00bbdefault\u00bb custom_padding=\u00bb1px|||||\u00bb custom_padding_tablet=\u00bb\u00bb custom_padding_phone=\u00bb0px||||false|false\u00bb da_disable_devices=\u00bboff|off|off\u00bb global_colors_info=\u00bb{}\u00bb da_is_popup=\u00bboff\u00bb da_exit_intent=\u00bboff\u00bb da_has_close=\u00bbon\u00bb da_alt_close=\u00bboff\u00bb da_dark_close=\u00bboff\u00bb da_not_modal=\u00bbon\u00bb da_is_singular=\u00bboff\u00bb da_with_loader=\u00bboff\u00bb da_has_shadow=\u00bbon\u00bb][et_pb_fullwidth_slider arrows_custom_color=\u00bb#D61317&#8243; dot_nav_custom_color=\u00bb#D61317&#8243; disabled_on=\u00bboff|on|on\u00bb _builder_version=\u00bb4.24.0&#8243; _module_preset=\u00bbdefault\u00bb background_color=\u00bb#ffffff\u00bb custom_margin=\u00bb-4px||35px|||\u00bb custom_padding=\u00bb1px||119px|||\u00bb global_colors_info=\u00bb{}\u00bb][et_pb_slide _builder_version=\u00bb4.24.0&#8243; _module_preset=\u00bbdefault\u00bb background_color=\u00bbRGBA(255,255,255,0)\u00bb background_enable_color=\u00bbon\u00bb background_image=\u00bbhttps:\/\/avantemedios.com\/wp-content\/uploads\/2025\/03\/Herramientas-medios_AVANTE_1.1-scaled.jpg\u00bb background_enable_image=\u00bbon\u00bb background_size=\u00bbcontain\u00bb global_colors_info=\u00bb{}\u00bb sticky_transition=\u00bbon\u00bb][\/et_pb_slide][et_pb_slide _builder_version=\u00bb4.24.0&#8243; _module_preset=\u00bbdefault\u00bb background_enable_color=\u00bboff\u00bb background_image=\u00bbhttps:\/\/avantemedios.com\/wp-content\/uploads\/2024\/09\/Herramientas-medios_AVANTE_2-1-scaled.jpg\u00bb background_enable_image=\u00bbon\u00bb background_size=\u00bbcontain\u00bb global_colors_info=\u00bb{}\u00bb sticky_transition=\u00bbon\u00bb][\/et_pb_slide][et_pb_slide _builder_version=\u00bb4.24.0&#8243; _module_preset=\u00bbdefault\u00bb background_enable_color=\u00bboff\u00bb background_image=\u00bbhttps:\/\/avantemedios.com\/wp-content\/uploads\/2024\/09\/Herramientas-medios_AVANTE_3-1-scaled.jpg\u00bb background_enable_image=\u00bbon\u00bb background_size=\u00bbcontain\u00bb global_colors_info=\u00bb{}\u00bb sticky_transition=\u00bbon\u00bb][\/et_pb_slide][\/et_pb_fullwidth_slider][\/et_pb_section]\n","protected":false},"excerpt":{"rendered":"<p>Creamos campa\u00f1as 360\u00ba adhoc, con servicios globales de consultor\u00eda, estrategia, planificaci\u00f3n y compra de medios, de la manera m\u00e1s eficaz y rentable posible.<\/p>","protected":false},"author":4,"featured_media":243881,"parent":0,"menu_order":0,"comment_status":"closed","ping_status":"closed","template":"","meta":{"_et_pb_use_builder":"on","_et_pb_old_content":"<!-- wp:divi\/placeholder \/-->","_et_gb_content_width":"","_monsterinsights_skip_tracking":false,"_monsterinsights_sitenote_active":false,"_monsterinsights_sitenote_note":"","_monsterinsights_sitenote_category":0,"footnotes":""},"class_list":["post-243876","page","type-page","status-publish","has-post-thumbnail","hentry"],"aioseo_notices":[],"_links":{"self":[{"href":"https:\/\/avantemedios.com\/gal\/wp-json\/wp\/v2\/pages\/243876","targetHints":{"allow":["GET"]}}],"collection":[{"href":"https:\/\/avantemedios.com\/gal\/wp-json\/wp\/v2\/pages"}],"about":[{"href":"https:\/\/avantemedios.com\/gal\/wp-json\/wp\/v2\/types\/page"}],"author":[{"embeddable":true,"href":"https:\/\/avantemedios.com\/gal\/wp-json\/wp\/v2\/users\/4"}],"replies":[{"embeddable":true,"href":"https:\/\/avantemedios.com\/gal\/wp-json\/wp\/v2\/comments?post=243876"}],"version-history":[{"count":66,"href":"https:\/\/avantemedios.com\/gal\/wp-json\/wp\/v2\/pages\/243876\/revisions"}],"predecessor-version":[{"id":249969,"href":"https:\/\/avantemedios.com\/gal\/wp-json\/wp\/v2\/pages\/243876\/revisions\/249969"}],"wp:featuredmedia":[{"embeddable":true,"href":"https:\/\/avantemedios.com\/gal\/wp-json\/wp\/v2\/media\/243881"}],"wp:attachment":[{"href":"https:\/\/avantemedios.com\/gal\/wp-json\/wp\/v2\/media?parent=243876"}],"curies":[{"name":"wp","href":"https:\/\/api.w.org\/{rel}","templated":true}]}}